{"id":791,"date":"2017-04-21T10:14:47","date_gmt":"2017-04-21T08:14:47","guid":{"rendered":"https:\/\/www.program345.com\/about-us\/"},"modified":"2021-05-23T04:11:59","modified_gmt":"2021-05-23T02:11:59","slug":"about-us","status":"publish","type":"page","link":"https:\/\/www.program345.com\/de\/about-us\/","title":{"rendered":"\u00dcber uns"},"content":{"rendered":"<p>[et_pb_section fb_built=&#8220;1&#8243; fullwidth=&#8220;on&#8220; admin_label=&#8220;section&#8220; _builder_version=&#8220;3.22&#8243;][et_pb_fullwidth_slider _builder_version=&#8220;3.16&#8243; parallax=&#8220;on&#8220; custom_padding=&#8220;|||&#8220; custom_padding_tablet=&#8220;|||&#8220; custom_padding_phone=&#8220;|||&#8220; box_shadow_style=&#8220;preset6&#8243; box_shadow_blur=&#8220;10px&#8220; box_shadow_color=&#8220;rgba(0,0,0,0.1)&#8220; show_inner_shadow=&#8220;on&#8220; button_text_size__hover_enabled=&#8220;off&#8220; button_one_text_size__hover_enabled=&#8220;off&#8220; button_two_text_size__hover_enabled=&#8220;off&#8220; button_text_color__hover_enabled=&#8220;off&#8220; button_one_text_color__hover_enabled=&#8220;off&#8220; button_two_text_color__hover_enabled=&#8220;off&#8220; button_border_width__hover_enabled=&#8220;off&#8220; button_one_border_width__hover_enabled=&#8220;off&#8220; button_two_border_width__hover_enabled=&#8220;off&#8220; button_border_color__hover_enabled=&#8220;off&#8220; button_one_border_color__hover_enabled=&#8220;off&#8220; button_two_border_color__hover_enabled=&#8220;off&#8220; button_border_radius__hover_enabled=&#8220;off&#8220; button_one_border_radius__hover_enabled=&#8220;off&#8220; button_two_border_radius__hover_enabled=&#8220;off&#8220; button_letter_spacing__hover_enabled=&#8220;off&#8220; button_one_letter_spacing__hover_enabled=&#8220;off&#8220; button_two_letter_spacing__hover_enabled=&#8220;off&#8220; button_bg_color__hover_enabled=&#8220;off&#8220; button_one_bg_color__hover_enabled=&#8220;off&#8220; button_two_bg_color__hover_enabled=&#8220;off&#8220;][et_pb_slide heading=&#8220;IA France \/ L&#8217;Int\u00e9grale d&#8217;Agencement&#8220; button_text=&#8220;Besuchen Sie unsere Webseite&#8220; button_link=&#8220;http:\/\/www.ia-france.fr\/&#8220; use_bg_overlay=&#8220;on&#8220; bg_overlay_color=&#8220;rgba(0,0,0,0.5)&#8220; use_text_overlay=&#8220;off&#8220; _builder_version=&#8220;3.16&#8243; header_font=&#8220;||||&#8220; body_font=&#8220;||||&#8220; background_color=&#8220;#ffffff&#8220; background_image=&#8220;https:\/\/www.program345.com\/wp-content\/uploads\/2017\/04\/THE-3.4.5.-SCHOOL-TABLEintegrale-agencement.jpg&#8220; button_icon_placement=&#8220;right&#8220; button_on_hover=&#8220;on&#8220; sticky_transition=&#8220;on&#8220; button_text_size__hover_enabled=&#8220;off&#8220; button_one_text_size__hover_enabled=&#8220;off&#8220; button_two_text_size__hover_enabled=&#8220;off&#8220; button_text_color__hover_enabled=&#8220;off&#8220; button_one_text_color__hover_enabled=&#8220;off&#8220; button_two_text_color__hover_enabled=&#8220;off&#8220; button_border_width__hover_enabled=&#8220;off&#8220; button_one_border_width__hover_enabled=&#8220;off&#8220; button_two_border_width__hover_enabled=&#8220;off&#8220; button_border_color__hover_enabled=&#8220;off&#8220; button_one_border_color__hover_enabled=&#8220;off&#8220; button_two_border_color__hover_enabled=&#8220;off&#8220; button_border_radius__hover_enabled=&#8220;off&#8220; button_one_border_radius__hover_enabled=&#8220;off&#8220; button_two_border_radius__hover_enabled=&#8220;off&#8220; button_letter_spacing__hover_enabled=&#8220;off&#8220; button_one_letter_spacing__hover_enabled=&#8220;off&#8220; button_two_letter_spacing__hover_enabled=&#8220;off&#8220; button_bg_color__hover_enabled=&#8220;off&#8220; button_one_bg_color__hover_enabled=&#8220;off&#8220; button_two_bg_color__hover_enabled=&#8220;off&#8220;]Das Programm 3.4.5. ist eine eingetragene Marke des franz\u00f6sischen Unternehmens IA France<br \/>\n[\/et_pb_slide][\/et_pb_fullwidth_slider][\/et_pb_section][et_pb_section fb_built=&#8220;1&#8243; admin_label=&#8220;section&#8220; _builder_version=&#8220;3.22&#8243;][et_pb_row admin_label=&#8220;Ligne&#8220; _builder_version=&#8220;3.25&#8243; background_size=&#8220;initial&#8220; background_position=&#8220;top_left&#8220; background_repeat=&#8220;repeat&#8220;][et_pb_column type=&#8220;4_4&#8243; _builder_version=&#8220;3.25&#8243; custom_padding=&#8220;|||&#8220; custom_padding__hover=&#8220;|||&#8220;][et_pb_text admin_label=&#8220;Texte&#8220; _builder_version=&#8220;3.27.4&#8243; background_size=&#8220;initial&#8220; background_position=&#8220;top_left&#8220; background_repeat=&#8220;repeat&#8220; text_orientation=&#8220;center&#8220; module_alignment=&#8220;center&#8220;]<\/p>\n<h3 style=\"text-align: center;\">1996 gegr\u00fcndet und spezialisiert auf Design und Vertrieb von:<\/h3>\n<p>[\/et_pb_text][\/et_pb_column][\/et_pb_row][et_pb_row admin_label=&#8220;row&#8220; _builder_version=&#8220;3.25&#8243; background_size=&#8220;initial&#8220; background_position=&#8220;top_left&#8220; background_repeat=&#8220;repeat&#8220; column_structure=&#8220;1_3,1_3,1_3&#8243;][et_pb_column type=&#8220;1_3&#8243; _builder_version=&#8220;3.25&#8243; custom_padding=&#8220;|||&#8220; custom_padding__hover=&#8220;|||&#8220;][et_pb_blurb title=&#8220;Schulm\u00f6beln&#8220; use_icon=&#8220;on&#8220; font_icon=&#8220;%%150%%&#8220; icon_color=&#8220;#7c8d9b&#8220; _builder_version=&#8220;3.0.74&#8243; background_size=&#8220;initial&#8220; background_position=&#8220;top_left&#8220; background_repeat=&#8220;repeat&#8220; text_orientation=&#8220;center&#8220;]<strong>Unser Kerngesch\u00e4ft:<\/strong> Design, Herstellung und Vertrieb von Schulm\u00f6beln. Kundenorientierung und Innovation sind dabei das Herz unserer Gesch\u00e4ftsstrategie.<br \/>\n[\/et_pb_blurb][\/et_pb_column][et_pb_column type=&#8220;1_3&#8243; _builder_version=&#8220;3.25&#8243; custom_padding=&#8220;|||&#8220; custom_padding__hover=&#8220;|||&#8220;][et_pb_blurb title=&#8220;B\u00fcrom\u00f6beln&#8220; use_icon=&#8220;on&#8220; font_icon=&#8220;%%114%%&#8220; icon_color=&#8220;#7c8d9b&#8220; _builder_version=&#8220;3.0.87&#8243; background_size=&#8220;initial&#8220; background_position=&#8220;top_left&#8220; background_repeat=&#8220;repeat&#8220; text_orientation=&#8220;center&#8220; border_style=&#8220;solid&#8220;]Wir helfen auch Unternehmen und lokalen Beh\u00f6rden, ihre Gesch\u00e4ftsr\u00e4ume optimal nach ihren Bed\u00fcrfnissen zu m\u00f6blieren.<br \/>\n[\/et_pb_blurb][\/et_pb_column][et_pb_column type=&#8220;1_3&#8243; _builder_version=&#8220;3.25&#8243; custom_padding=&#8220;|||&#8220; custom_padding__hover=&#8220;|||&#8220;][et_pb_blurb title=&#8220;Accessoires und Zubeh\u00f6r&#8220; use_icon=&#8220;on&#8220; font_icon=&#8220;%%117%%&#8220; icon_color=&#8220;#7c8d9b&#8220; _builder_version=&#8220;3.0.74&#8243; background_size=&#8220;initial&#8220; background_position=&#8220;top_left&#8220; background_repeat=&#8220;repeat&#8220; text_orientation=&#8220;center&#8220;]Zur Erg\u00e4nzung unseres Mobiliars bieten wir zudem eine gro\u00dfe Bandbreite von Accessoires an.<br \/>\n[\/et_pb_blurb][\/et_pb_column][\/et_pb_row][\/et_pb_section][et_pb_section fb_built=&#8220;1&#8243; admin_label=&#8220;section&#8220; _builder_version=&#8220;3.22&#8243; background_image=&#8220;https:\/\/www.program345.com\/wp-content\/uploads\/2017\/03\/Program-345-bg.png&#8220; parallax=&#8220;on&#8220;][et_pb_row admin_label=&#8220;row&#8220; _builder_version=&#8220;3.25&#8243; background_size=&#8220;initial&#8220; background_position=&#8220;top_left&#8220; background_repeat=&#8220;repeat&#8220; column_structure=&#8220;1_4,1_2,1_4&#8243;][et_pb_column type=&#8220;1_4&#8243; _builder_version=&#8220;3.25&#8243; custom_padding=&#8220;|||&#8220; custom_padding__hover=&#8220;|||&#8220;][\/et_pb_column][et_pb_column type=&#8220;1_2&#8243; _builder_version=&#8220;3.25&#8243; custom_padding=&#8220;|||&#8220; custom_padding__hover=&#8220;|||&#8220;][et_pb_team_member name=&#8220;Fabien Gerbelot-Barrillon&#8220; position=&#8220;Gesch\u00e4ftsf\u00fchrer von IA France \/ L&#8217;Int\u00e9grale d&#8217;Agencement&#8220; image_url=&#8220;https:\/\/www.program345.com\/wp-content\/uploads\/2017\/04\/catalogue-l-integrale-agencement_Page_03_Image_0001.jpg&#8220; linkedin_url=&#8220;https:\/\/fr.linkedin.com\/in\/fabien-gerbelot-barrillon-6b210027&#8243; admin_label=&#8220;Team Member&#8220; _builder_version=&#8220;3.0.71&#8243; background_color=&#8220;#ffffff&#8220; background_size=&#8220;initial&#8220; background_position=&#8220;top_left&#8220; background_repeat=&#8220;repeat&#8220; custom_padding=&#8220;25px|25px|25px|25px&#8220; custom_padding_tablet=&#8220;&#8220; custom_padding_phone=&#8220;&#8220; custom_padding_last_edited=&#8220;on|desktop&#8220; animation=&#8220;fade_in&#8220;]&#8220;Wir unterst\u00fctzen Unternehmen und Lehranstalten bei der Verwandlung ihrer bisherigen Arbeitsr\u00e4ume in ein Umfeld, das Austausch, Interaktion und Zusammenarbeit f\u00f6rdert, um die Leistungen des Einzelnen und der Gruppe zu verbessern.<\/p>\n<p>Unsere innovativen L\u00f6sungen zur Gestaltung von professionell genutzten R\u00e4umen bieten die zur Effizienzsteigerung notwendige Modularit\u00e4t: sowohl auf der individuellen Ebene als auch in kleinen oder gro\u00dfen Gruppen werden Interaktion und Kreativit\u00e4t der Teilnehmer gef\u00f6rdert.<\/p>\n<p>Als Hersteller hat sich IA France der Begleitung und F\u00f6rderung von kooperativen und aufstrebenden Arbeitsmodellen verschrieben.&#8220;<br \/>\n[\/et_pb_team_member][\/et_pb_column][et_pb_column type=&#8220;1_4&#8243; _builder_version=&#8220;3.25&#8243; custom_padding=&#8220;|||&#8220; custom_padding__hover=&#8220;|||&#8220;][\/et_pb_column][\/et_pb_row][\/et_pb_section][et_pb_section fb_built=&#8220;1&#8243; inner_shadow=&#8220;on&#8220; admin_label=&#8220;section&#8220; _builder_version=&#8220;3.22&#8243; background_color=&#8220;#f7f7f7&#8243;][et_pb_row admin_label=&#8220;row&#8220; _builder_version=&#8220;3.25&#8243; background_size=&#8220;initial&#8220; background_position=&#8220;top_left&#8220; background_repeat=&#8220;repeat&#8220; column_structure=&#8220;1_3,2_3&#8243;][et_pb_column type=&#8220;1_3&#8243; _builder_version=&#8220;3.25&#8243; custom_padding=&#8220;|||&#8220; custom_padding__hover=&#8220;|||&#8220;][et_pb_text _builder_version=&#8220;4.6.1&#8243; background_size=&#8220;initial&#8220; background_position=&#8220;top_left&#8220; background_repeat=&#8220;repeat&#8220; hover_enabled=&#8220;0&#8243; sticky_enabled=&#8220;0&#8243;]<\/p>\n<h1>Heute<\/h1>\n<p>Heute verfolgen wir eine internationale Expansionsstrategie.<br \/>\nIm Einklang mit unserer Strategie bringen wir daf\u00fcr in jedem Land lokale Partner an Bord.<br \/>\nAus diesem Grund sind wir f\u00fcr das Programm 3.4.5.<sup>\u00a9<\/sup> st\u00e4ndig auf der Suche nach Herstellern und Zwischenh\u00e4ndlern f\u00fcr unsere Schul- und B\u00fcrom\u00f6bel-Linie.<\/p>\n<p>&nbsp;<br \/>\n[\/et_pb_text][\/et_pb_column][et_pb_column type=&#8220;2_3&#8243; _builder_version=&#8220;3.25&#8243; custom_padding=&#8220;|||&#8220; custom_padding__hover=&#8220;|||&#8220;][et_pb_counters bar_bg_color=&#8220;#ea5540&#8243; use_percentages=&#8220;off&#8220; _builder_version=&#8220;3.0.87&#8243; custom_padding=&#8220;|||&#8220; custom_padding_tablet=&#8220;|||&#8220; custom_padding_phone=&#8220;|||&#8220; custom_padding_last_edited=&#8220;off|desktop&#8220;][et_pb_counter percent=&#8220;80&#8243; _builder_version=&#8220;3.0.47&#8243; background_enable_color_default=&#8220;on&#8220; parallax_default=&#8220;off&#8220; parallax_method_default=&#8220;on&#8220; bar_background_color_default=&#8220;#ea5540&#8243; use_percentages=&#8220;off&#8220; allow_player_pause_default=&#8220;off&#8220;]Markenstrategie<br \/>\n[\/et_pb_counter][et_pb_counter percent=&#8220;80&#8243; _builder_version=&#8220;3.0.47&#8243; background_enable_color_default=&#8220;on&#8220; parallax_default=&#8220;off&#8220; parallax_method_default=&#8220;on&#8220; bar_background_color_default=&#8220;#ea5540&#8243; use_percentages=&#8220;off&#8220; allow_player_pause_default=&#8220;off&#8220;]M\u00f6beldesign<br \/>\n[\/et_pb_counter][et_pb_counter percent=&#8220;50&#8243; _builder_version=&#8220;3.0.47&#8243; background_enable_color_default=&#8220;on&#8220; parallax_default=&#8220;off&#8220; parallax_method_default=&#8220;on&#8220; bar_background_color_default=&#8220;#ea5540&#8243; use_percentages=&#8220;off&#8220; allow_player_pause_default=&#8220;off&#8220;] Marketing [\/et_pb_counter][et_pb_counter percent=&#8220;100&#8243; _builder_version=&#8220;3.0.47&#8243; background_enable_color_default=&#8220;on&#8220; parallax_default=&#8220;off&#8220; parallax_method_default=&#8220;on&#8220; bar_background_color_default=&#8220;#ea5540&#8243; use_percentages=&#8220;off&#8220; allow_player_pause_default=&#8220;off&#8220;]Kundenzufriedenheit<br \/>\n[\/et_pb_counter][\/et_pb_counters][\/et_pb_column][\/et_pb_row][\/et_pb_section][et_pb_section fb_built=&#8220;1&#8243; inner_shadow=&#8220;on&#8220; admin_label=&#8220;section&#8220; _builder_version=&#8220;3.22&#8243; background_color=&#8220;#ea5540&#8243;][et_pb_row admin_label=&#8220;row&#8220; _builder_version=&#8220;3.25&#8243; background_size=&#8220;initial&#8220; background_position=&#8220;top_left&#8220; background_repeat=&#8220;repeat&#8220;][et_pb_column type=&#8220;4_4&#8243; _builder_version=&#8220;3.25&#8243; custom_padding=&#8220;|||&#8220; custom_padding__hover=&#8220;|||&#8220;][et_pb_cta title=&#8220;Zwischenh\u00e4ndler aufgepasst!&#8220; button_url=&#8220;https:\/\/www.program345.com\/de\/contact\/&#8220; button_text=&#8220;Kontaktieren Sie uns&#8220; _builder_version=&#8220;4.6.1&#8243; use_background_color=&#8220;off&#8220; background_size=&#8220;initial&#8220; background_position=&#8220;top_left&#8220; background_repeat=&#8220;repeat&#8220; hover_enabled=&#8220;0&#8243; button_letter_spacing_hover=&#8220;0&#8243; border_style=&#8220;solid&#8220; button_text_size__hover_enabled=&#8220;off&#8220; button_one_text_size__hover_enabled=&#8220;off&#8220; button_two_text_size__hover_enabled=&#8220;off&#8220; button_text_color__hover_enabled=&#8220;off&#8220; button_one_text_color__hover_enabled=&#8220;off&#8220; button_two_text_color__hover_enabled=&#8220;off&#8220; button_border_width__hover_enabled=&#8220;off&#8220; button_one_border_width__hover_enabled=&#8220;off&#8220; button_two_border_width__hover_enabled=&#8220;off&#8220; button_border_color__hover_enabled=&#8220;off&#8220; button_one_border_color__hover_enabled=&#8220;off&#8220; button_two_border_color__hover_enabled=&#8220;off&#8220; button_border_radius__hover_enabled=&#8220;off&#8220; button_one_border_radius__hover_enabled=&#8220;off&#8220; button_two_border_radius__hover_enabled=&#8220;off&#8220; button_letter_spacing__hover_enabled=&#8220;on&#8220; button_letter_spacing__hover=&#8220;0&#8243; button_one_letter_spacing__hover_enabled=&#8220;off&#8220; button_two_letter_spacing__hover_enabled=&#8220;off&#8220; button_bg_color__hover_enabled=&#8220;off&#8220; button_one_bg_color__hover_enabled=&#8220;off&#8220; button_two_bg_color__hover_enabled=&#8220;off&#8220; sticky_enabled=&#8220;0&#8243;]Wir sind auf der Suche nach Vertriebspartnern und Herstellern f\u00fcr unser Programm 3.4.5.<sup>\u00a9<\/sup> in ganz Europa.<br \/>\n[\/et_pb_cta][\/et_pb_column][\/et_pb_row][\/et_pb_section]<\/p>\n","protected":false},"excerpt":{"rendered":"<p>Das Programm 3.4.5. ist eine eingetragene Marke des franz\u00f6sischen Unternehmens IA France 1996 gegr\u00fcndet und spezialisiert auf Design und Vertrieb von: Unser Kerngesch\u00e4ft: Design, Herstellung und Vertrieb von Schulm\u00f6beln. Kundenorientierung und Innovation sind dabei das Herz unserer Gesch\u00e4ftsstrategie. Wir helfen auch Unternehmen und lokalen Beh\u00f6rden, ihre Gesch\u00e4ftsr\u00e4ume optimal nach ihren Bed\u00fcrfnissen zu m\u00f6blieren. Zur Erg\u00e4nzung [&hellip;]<\/p>\n","protected":false},"author":1,"featured_media":923,"parent":0,"menu_order":0,"comment_status":"closed","ping_status":"closed","template":"","meta":{"_et_pb_use_builder":"on","_et_pb_old_content":"","_et_gb_content_width":"","footnotes":""},"class_list":["post-791","page","type-page","status-publish","has-post-thumbnail","hentry"],"yoast_head":"<!-- This site is optimized with the Yoast SEO plugin v26.5 - https:\/\/yoast.com\/wordpress\/plugins\/seo\/ -->\n<title>Das Programm 3.4.5., B\u00fcrom\u00f6bel mit innovativem Design<\/title>\n<meta name=\"description\" content=\"Lernen Sie die klugen K\u00f6pfe hinter dem Programm 3.4.5. kennen, innovative Schul- und B\u00fcrom\u00f6bel mit zukunftsweisendem Design, im Dienst seiner Nutzer\" \/>\n<meta name=\"robots\" content=\"index, follow, max-snippet:-1, max-image-preview:large, max-video-preview:-1\" \/>\n<link rel=\"canonical\" href=\"https:\/\/www.program345.com\/de\/about-us\/\" \/>\n<meta property=\"og:locale\" content=\"de_DE\" \/>\n<meta property=\"og:type\" content=\"article\" \/>\n<meta property=\"og:title\" content=\"Das Programm 3.4.5., B\u00fcrom\u00f6bel mit innovativem Design\" \/>\n<meta property=\"og:description\" content=\"Lernen Sie die klugen K\u00f6pfe hinter dem Programm 3.4.5. kennen, innovative Schul- und B\u00fcrom\u00f6bel mit zukunftsweisendem Design, im Dienst seiner Nutzer\" \/>\n<meta property=\"og:url\" content=\"https:\/\/www.program345.com\/de\/about-us\/\" \/>\n<meta property=\"og:site_name\" content=\"Program 3.4.5\" \/>\n<meta property=\"article:publisher\" content=\"https:\/\/www.facebook.com\/Lint%c3%a9grale-dAgencement-455587537939465\/\" \/>\n<meta property=\"article:modified_time\" content=\"2021-05-23T02:11:59+00:00\" \/>\n<meta property=\"og:image\" content=\"https:\/\/www.program345.com\/wp-content\/uploads\/2017\/04\/catalogue-l-integrale-agencement_Page_02_Image_0001-e1493060963591.jpg\" \/>\n\t<meta property=\"og:image:width\" content=\"241\" \/>\n\t<meta property=\"og:image:height\" content=\"178\" \/>\n\t<meta property=\"og:image:type\" content=\"image\/jpeg\" \/>\n<meta name=\"twitter:card\" content=\"summary_large_image\" \/>\n<meta name=\"twitter:label1\" content=\"Gesch\u00e4tzte Lesezeit\" \/>\n\t<meta name=\"twitter:data1\" content=\"8\u00a0Minuten\" \/>\n<script type=\"application\/ld+json\" class=\"yoast-schema-graph\">{\"@context\":\"https:\/\/schema.org\",\"@graph\":[{\"@type\":\"WebPage\",\"@id\":\"https:\/\/www.program345.com\/de\/about-us\/\",\"url\":\"https:\/\/www.program345.com\/de\/about-us\/\",\"name\":\"Das Programm 3.4.5., B\u00fcrom\u00f6bel mit innovativem Design\",\"isPartOf\":{\"@id\":\"https:\/\/www.program345.com\/#website\"},\"primaryImageOfPage\":{\"@id\":\"https:\/\/www.program345.com\/de\/about-us\/#primaryimage\"},\"image\":{\"@id\":\"https:\/\/www.program345.com\/de\/about-us\/#primaryimage\"},\"thumbnailUrl\":\"https:\/\/www.program345.com\/wp-content\/uploads\/2017\/04\/catalogue-l-integrale-agencement_Page_02_Image_0001-e1493060963591.jpg\",\"datePublished\":\"2017-04-21T08:14:47+00:00\",\"dateModified\":\"2021-05-23T02:11:59+00:00\",\"description\":\"Lernen Sie die klugen K\u00f6pfe hinter dem Programm 3.4.5. kennen, innovative Schul- und B\u00fcrom\u00f6bel mit zukunftsweisendem Design, im Dienst seiner Nutzer\",\"breadcrumb\":{\"@id\":\"https:\/\/www.program345.com\/de\/about-us\/#breadcrumb\"},\"inLanguage\":\"de\",\"potentialAction\":[{\"@type\":\"ReadAction\",\"target\":[\"https:\/\/www.program345.com\/de\/about-us\/\"]}]},{\"@type\":\"ImageObject\",\"inLanguage\":\"de\",\"@id\":\"https:\/\/www.program345.com\/de\/about-us\/#primaryimage\",\"url\":\"https:\/\/www.program345.com\/wp-content\/uploads\/2017\/04\/catalogue-l-integrale-agencement_Page_02_Image_0001-e1493060963591.jpg\",\"contentUrl\":\"https:\/\/www.program345.com\/wp-content\/uploads\/2017\/04\/catalogue-l-integrale-agencement_Page_02_Image_0001-e1493060963591.jpg\",\"width\":241,\"height\":178,\"caption\":\"Discover the brains behind the 3.4.5. Program, innovative school and commercial furniture with a ground-breaking design, at the service of its users\"},{\"@type\":\"BreadcrumbList\",\"@id\":\"https:\/\/www.program345.com\/de\/about-us\/#breadcrumb\",\"itemListElement\":[{\"@type\":\"ListItem\",\"position\":1,\"name\":\"Home\",\"item\":\"https:\/\/www.program345.com\/de\/start\/\"},{\"@type\":\"ListItem\",\"position\":2,\"name\":\"\u00dcber uns\"}]},{\"@type\":\"WebSite\",\"@id\":\"https:\/\/www.program345.com\/#website\",\"url\":\"https:\/\/www.program345.com\/\",\"name\":\"Program 3.4.5\",\"description\":\"Professional furniture 3.4.5 modular and multiple configurations suitable for the school domain as professional\",\"potentialAction\":[{\"@type\":\"SearchAction\",\"target\":{\"@type\":\"EntryPoint\",\"urlTemplate\":\"https:\/\/www.program345.com\/?s={search_term_string}\"},\"query-input\":{\"@type\":\"PropertyValueSpecification\",\"valueRequired\":true,\"valueName\":\"search_term_string\"}}],\"inLanguage\":\"de\"}]}<\/script>\n<!-- \/ Yoast SEO plugin. -->","yoast_head_json":{"title":"Das Programm 3.4.5., B\u00fcrom\u00f6bel mit innovativem Design","description":"Lernen Sie die klugen K\u00f6pfe hinter dem Programm 3.4.5. kennen, innovative Schul- und B\u00fcrom\u00f6bel mit zukunftsweisendem Design, im Dienst seiner Nutzer","robots":{"index":"index","follow":"follow","max-snippet":"max-snippet:-1","max-image-preview":"max-image-preview:large","max-video-preview":"max-video-preview:-1"},"canonical":"https:\/\/www.program345.com\/de\/about-us\/","og_locale":"de_DE","og_type":"article","og_title":"Das Programm 3.4.5., B\u00fcrom\u00f6bel mit innovativem Design","og_description":"Lernen Sie die klugen K\u00f6pfe hinter dem Programm 3.4.5. kennen, innovative Schul- und B\u00fcrom\u00f6bel mit zukunftsweisendem Design, im Dienst seiner Nutzer","og_url":"https:\/\/www.program345.com\/de\/about-us\/","og_site_name":"Program 3.4.5","article_publisher":"https:\/\/www.facebook.com\/Lint%c3%a9grale-dAgencement-455587537939465\/","article_modified_time":"2021-05-23T02:11:59+00:00","og_image":[{"width":241,"height":178,"url":"https:\/\/www.program345.com\/wp-content\/uploads\/2017\/04\/catalogue-l-integrale-agencement_Page_02_Image_0001-e1493060963591.jpg","type":"image\/jpeg"}],"twitter_card":"summary_large_image","twitter_misc":{"Gesch\u00e4tzte Lesezeit":"8\u00a0Minuten"},"schema":{"@context":"https:\/\/schema.org","@graph":[{"@type":"WebPage","@id":"https:\/\/www.program345.com\/de\/about-us\/","url":"https:\/\/www.program345.com\/de\/about-us\/","name":"Das Programm 3.4.5., B\u00fcrom\u00f6bel mit innovativem Design","isPartOf":{"@id":"https:\/\/www.program345.com\/#website"},"primaryImageOfPage":{"@id":"https:\/\/www.program345.com\/de\/about-us\/#primaryimage"},"image":{"@id":"https:\/\/www.program345.com\/de\/about-us\/#primaryimage"},"thumbnailUrl":"https:\/\/www.program345.com\/wp-content\/uploads\/2017\/04\/catalogue-l-integrale-agencement_Page_02_Image_0001-e1493060963591.jpg","datePublished":"2017-04-21T08:14:47+00:00","dateModified":"2021-05-23T02:11:59+00:00","description":"Lernen Sie die klugen K\u00f6pfe hinter dem Programm 3.4.5. kennen, innovative Schul- und B\u00fcrom\u00f6bel mit zukunftsweisendem Design, im Dienst seiner Nutzer","breadcrumb":{"@id":"https:\/\/www.program345.com\/de\/about-us\/#breadcrumb"},"inLanguage":"de","potentialAction":[{"@type":"ReadAction","target":["https:\/\/www.program345.com\/de\/about-us\/"]}]},{"@type":"ImageObject","inLanguage":"de","@id":"https:\/\/www.program345.com\/de\/about-us\/#primaryimage","url":"https:\/\/www.program345.com\/wp-content\/uploads\/2017\/04\/catalogue-l-integrale-agencement_Page_02_Image_0001-e1493060963591.jpg","contentUrl":"https:\/\/www.program345.com\/wp-content\/uploads\/2017\/04\/catalogue-l-integrale-agencement_Page_02_Image_0001-e1493060963591.jpg","width":241,"height":178,"caption":"Discover the brains behind the 3.4.5. Program, innovative school and commercial furniture with a ground-breaking design, at the service of its users"},{"@type":"BreadcrumbList","@id":"https:\/\/www.program345.com\/de\/about-us\/#breadcrumb","itemListElement":[{"@type":"ListItem","position":1,"name":"Home","item":"https:\/\/www.program345.com\/de\/start\/"},{"@type":"ListItem","position":2,"name":"\u00dcber uns"}]},{"@type":"WebSite","@id":"https:\/\/www.program345.com\/#website","url":"https:\/\/www.program345.com\/","name":"Program 3.4.5","description":"Professional furniture 3.4.5 modular and multiple configurations suitable for the school domain as professional","potentialAction":[{"@type":"SearchAction","target":{"@type":"EntryPoint","urlTemplate":"https:\/\/www.program345.com\/?s={search_term_string}"},"query-input":{"@type":"PropertyValueSpecification","valueRequired":true,"valueName":"search_term_string"}}],"inLanguage":"de"}]}},"_links":{"self":[{"href":"https:\/\/www.program345.com\/de\/wp-json\/wp\/v2\/pages\/791","targetHints":{"allow":["GET"]}}],"collection":[{"href":"https:\/\/www.program345.com\/de\/wp-json\/wp\/v2\/pages"}],"about":[{"href":"https:\/\/www.program345.com\/de\/wp-json\/wp\/v2\/types\/page"}],"author":[{"embeddable":true,"href":"https:\/\/www.program345.com\/de\/wp-json\/wp\/v2\/users\/1"}],"replies":[{"embeddable":true,"href":"https:\/\/www.program345.com\/de\/wp-json\/wp\/v2\/comments?post=791"}],"version-history":[{"count":13,"href":"https:\/\/www.program345.com\/de\/wp-json\/wp\/v2\/pages\/791\/revisions"}],"predecessor-version":[{"id":3372,"href":"https:\/\/www.program345.com\/de\/wp-json\/wp\/v2\/pages\/791\/revisions\/3372"}],"wp:featuredmedia":[{"embeddable":true,"href":"https:\/\/www.program345.com\/de\/wp-json\/wp\/v2\/media\/923"}],"wp:attachment":[{"href":"https:\/\/www.program345.com\/de\/wp-json\/wp\/v2\/media?parent=791"}],"curies":[{"name":"wp","href":"https:\/\/api.w.org\/{rel}","templated":true}]}}