{"id":797,"date":"2017-04-21T10:10:24","date_gmt":"2017-04-21T08:10:24","guid":{"rendered":"https:\/\/www.program345.com\/contact\/"},"modified":"2026-04-22T10:29:04","modified_gmt":"2026-04-22T08:29:04","slug":"contact","status":"publish","type":"page","link":"https:\/\/www.program345.com\/de\/contact\/","title":{"rendered":"Kontakt"},"content":{"rendered":"<p>[et_pb_section fb_built=&#8220;1&#8243; admin_label=&#8220;section&#8220; _builder_version=&#8220;4.16&#8243; global_colors_info=&#8220;{}&#8220;][et_pb_row column_structure=&#8220;1_3,2_3&#8243; admin_label=&#8220;row&#8220; _builder_version=&#8220;4.16&#8243; background_size=&#8220;initial&#8220; background_position=&#8220;top_left&#8220; background_repeat=&#8220;repeat&#8220; global_colors_info=&#8220;{}&#8220;][et_pb_column type=&#8220;1_3&#8243; _builder_version=&#8220;4.16&#8243; custom_padding=&#8220;|||&#8220; global_colors_info=&#8220;{}&#8220; custom_padding__hover=&#8220;|||&#8220;][et_pb_image src=&#8220;https:\/\/www.program345.com\/wp-content\/uploads\/2017\/04\/catalogue-l-integrale-agencement_Page_02_Image_0001-e1493060963591.jpg&#8220; align_tablet=&#8220;center&#8220; align_phone=&#8220;&#8220; align_last_edited=&#8220;on|desktop&#8220; _builder_version=&#8220;4.16&#8243; max_width=&#8220;150px&#8220; animation_style=&#8220;slide&#8220; animation_direction=&#8220;left&#8220; animation_duration=&#8220;500ms&#8220; animation_intensity_slide=&#8220;10%&#8220; global_colors_info=&#8220;{}&#8220;][\/et_pb_image][et_pb_text _builder_version=&#8220;4.27.5&#8243; background_size=&#8220;initial&#8220; background_position=&#8220;top_left&#8220; background_repeat=&#8220;repeat&#8220; hover_enabled=&#8220;0&#8243; global_colors_info=&#8220;{}&#8220; sticky_enabled=&#8220;0&#8243;]<\/p>\n<h3><a href=\"http:\/\/www.ia-france.fr\/\"><strong>IA France<\/strong><\/a><\/h3>\n<p><strong>Adresse:<\/strong> 1023 Avenue de la Houille Blanche, 73000 Chamb\u00e9ry, Savoie<\/p>\n<p><strong>Telefon: <a href=\"tel:+33479750007\">+334 79 75 00 07<\/a><\/strong><\/p>\n<p><strong>Email:\u00a0<\/strong>contact(a)ia-france.fr<\/p>\n<p>[\/et_pb_text][\/et_pb_column][et_pb_column type=&#8220;2_3&#8243; _builder_version=&#8220;4.16&#8243; custom_padding=&#8220;|||&#8220; global_colors_info=&#8220;{}&#8220; custom_padding__hover=&#8220;|||&#8220;][et_pb_text _builder_version=&#8220;4.16&#8243; background_size=&#8220;initial&#8220; background_position=&#8220;top_left&#8220; background_repeat=&#8220;repeat&#8220; global_colors_info=&#8220;{}&#8220;]<\/p>\n<h3>Kontakt<\/h3>\n<p>Sie haben eine Frage? Kommen Sie gerne auf uns zu, um weitere Informationen oder ein Angebot zu erhalten.<br \/>\nWir sind st\u00e4ndig auf der Suche nach Vertriebspartnern f\u00fcr unsere Schul- und B\u00fcrom\u00f6bel.<br \/>\nEgal ob Sie M\u00f6belhersteller, Zwischenh\u00e4ndler oder Wiederverk\u00e4ufer sind, wir freuen uns \u00fcber Ihre Nachricht und senden Ihnen gerne weitere Informationen zu.<\/p>\n<h3><\/h3>\n<p>[\/et_pb_text][et_pb_contact_form use_spam_service=&#8220;on&#8220; recaptcha_list=&#8220;program345com|program345com-0&#8243; email=&#8220;contact@ia-france.fr, marielaure@ia-france.fr&#8220; title=&#8220;Kontakt aufnehmen !&#8220; custom_message=&#8220;Message : %%Message%%||et_pb_line_break_holder||||et_pb_line_break_holder||Nom : %%Nom%%||et_pb_line_break_holder||Email : %%Email%%||et_pb_line_break_holder||T\u00e9l\u00e9phone : %%Tel%%||et_pb_line_break_holder||Vous repr\u00e9sentez ? : %%You%%||et_pb_line_break_holder||&#8220; module_id=&#8220;et_pb_contact_form_0&#8243; _builder_version=&#8220;4.17.3&#8243; _unique_id=&#8220;3a3b71d0-d5e5-4e56-a775-b286232fef46&#8243; global_colors_info=&#8220;{}&#8220;][et_pb_contact_field field_id=&#8220;Name&#8220; field_title=&#8220;Name&#8220; fullwidth_field=&#8220;on&#8220; _builder_version=&#8220;4.16&#8243; form_field_font=&#8220;||||&#8220; global_colors_info=&#8220;{}&#8220; button_text_size__hover_enabled=&#8220;off&#8220; button_one_text_size__hover_enabled=&#8220;off&#8220; button_two_text_size__hover_enabled=&#8220;off&#8220; button_text_color__hover_enabled=&#8220;off&#8220; button_one_text_color__hover_enabled=&#8220;off&#8220; button_two_text_color__hover_enabled=&#8220;off&#8220; button_border_width__hover_enabled=&#8220;off&#8220; button_one_border_width__hover_enabled=&#8220;off&#8220; button_two_border_width__hover_enabled=&#8220;off&#8220; button_border_color__hover_enabled=&#8220;off&#8220; button_one_border_color__hover_enabled=&#8220;off&#8220; button_two_border_color__hover_enabled=&#8220;off&#8220; button_border_radius__hover_enabled=&#8220;off&#8220; button_one_border_radius__hover_enabled=&#8220;off&#8220; button_two_border_radius__hover_enabled=&#8220;off&#8220; button_letter_spacing__hover_enabled=&#8220;off&#8220; button_one_letter_spacing__hover_enabled=&#8220;off&#8220; button_two_letter_spacing__hover_enabled=&#8220;off&#8220; button_bg_color__hover_enabled=&#8220;off&#8220; button_one_bg_color__hover_enabled=&#8220;off&#8220; button_two_bg_color__hover_enabled=&#8220;off&#8220;][\/et_pb_contact_field][et_pb_contact_field field_id=&#8220;Email&#8220; field_title=&#8220;Email-Adresse&#8220; field_type=&#8220;email&#8220; _builder_version=&#8220;4.16&#8243; form_field_font=&#8220;||||&#8220; global_colors_info=&#8220;{}&#8220; button_text_size__hover_enabled=&#8220;off&#8220; button_one_text_size__hover_enabled=&#8220;off&#8220; button_two_text_size__hover_enabled=&#8220;off&#8220; button_text_color__hover_enabled=&#8220;off&#8220; button_one_text_color__hover_enabled=&#8220;off&#8220; button_two_text_color__hover_enabled=&#8220;off&#8220; button_border_width__hover_enabled=&#8220;off&#8220; button_one_border_width__hover_enabled=&#8220;off&#8220; button_two_border_width__hover_enabled=&#8220;off&#8220; button_border_color__hover_enabled=&#8220;off&#8220; button_one_border_color__hover_enabled=&#8220;off&#8220; button_two_border_color__hover_enabled=&#8220;off&#8220; button_border_radius__hover_enabled=&#8220;off&#8220; button_one_border_radius__hover_enabled=&#8220;off&#8220; button_two_border_radius__hover_enabled=&#8220;off&#8220; button_letter_spacing__hover_enabled=&#8220;off&#8220; button_one_letter_spacing__hover_enabled=&#8220;off&#8220; button_two_letter_spacing__hover_enabled=&#8220;off&#8220; button_bg_color__hover_enabled=&#8220;off&#8220; button_one_bg_color__hover_enabled=&#8220;off&#8220; button_two_bg_color__hover_enabled=&#8220;off&#8220;][\/et_pb_contact_field][et_pb_contact_field field_id=&#8220;Tel&#8220; field_title=&#8220;Telefon&#8220; allowed_symbols=&#8220;numbers&#8220; _builder_version=&#8220;4.16&#8243; form_field_font=&#8220;||||&#8220; global_colors_info=&#8220;{}&#8220; button_text_size__hover_enabled=&#8220;off&#8220; button_one_text_size__hover_enabled=&#8220;off&#8220; button_two_text_size__hover_enabled=&#8220;off&#8220; button_text_color__hover_enabled=&#8220;off&#8220; button_one_text_color__hover_enabled=&#8220;off&#8220; button_two_text_color__hover_enabled=&#8220;off&#8220; button_border_width__hover_enabled=&#8220;off&#8220; button_one_border_width__hover_enabled=&#8220;off&#8220; button_two_border_width__hover_enabled=&#8220;off&#8220; button_border_color__hover_enabled=&#8220;off&#8220; button_one_border_color__hover_enabled=&#8220;off&#8220; button_two_border_color__hover_enabled=&#8220;off&#8220; button_border_radius__hover_enabled=&#8220;off&#8220; button_one_border_radius__hover_enabled=&#8220;off&#8220; button_two_border_radius__hover_enabled=&#8220;off&#8220; button_letter_spacing__hover_enabled=&#8220;off&#8220; button_one_letter_spacing__hover_enabled=&#8220;off&#8220; button_two_letter_spacing__hover_enabled=&#8220;off&#8220; button_bg_color__hover_enabled=&#8220;off&#8220; button_one_bg_color__hover_enabled=&#8220;off&#8220; button_two_bg_color__hover_enabled=&#8220;off&#8220;][\/et_pb_contact_field][et_pb_contact_field field_id=&#8220;You&#8220; field_title=&#8220;Wer sind Sie? Schule &#8211; \u00d6ffentliche Einrichtung &#8211; M\u00f6belhersteller &#8211; Zwischenh\u00e4ndler &#8211; Fachh\u00e4ndler &#8211; Sonstige&#8220; required_mark=&#8220;off&#8220; fullwidth_field=&#8220;on&#8220; _builder_version=&#8220;4.16&#8243; form_field_font=&#8220;||||&#8220; global_colors_info=&#8220;{}&#8220; button_text_size__hover_enabled=&#8220;off&#8220; button_one_text_size__hover_enabled=&#8220;off&#8220; button_two_text_size__hover_enabled=&#8220;off&#8220; button_text_color__hover_enabled=&#8220;off&#8220; button_one_text_color__hover_enabled=&#8220;off&#8220; button_two_text_color__hover_enabled=&#8220;off&#8220; button_border_width__hover_enabled=&#8220;off&#8220; button_one_border_width__hover_enabled=&#8220;off&#8220; button_two_border_width__hover_enabled=&#8220;off&#8220; button_border_color__hover_enabled=&#8220;off&#8220; button_one_border_color__hover_enabled=&#8220;off&#8220; button_two_border_color__hover_enabled=&#8220;off&#8220; button_border_radius__hover_enabled=&#8220;off&#8220; button_one_border_radius__hover_enabled=&#8220;off&#8220; button_two_border_radius__hover_enabled=&#8220;off&#8220; button_letter_spacing__hover_enabled=&#8220;off&#8220; button_one_letter_spacing__hover_enabled=&#8220;off&#8220; button_two_letter_spacing__hover_enabled=&#8220;off&#8220; button_bg_color__hover_enabled=&#8220;off&#8220; button_one_bg_color__hover_enabled=&#8220;off&#8220; button_two_bg_color__hover_enabled=&#8220;off&#8220;][\/et_pb_contact_field][et_pb_contact_field field_id=&#8220;Message&#8220; field_title=&#8220;Nachricht&#8220; field_type=&#8220;text&#8220; fullwidth_field=&#8220;on&#8220; _builder_version=&#8220;4.16&#8243; form_field_font=&#8220;||||&#8220; global_colors_info=&#8220;{}&#8220; button_text_size__hover_enabled=&#8220;off&#8220; button_one_text_size__hover_enabled=&#8220;off&#8220; button_two_text_size__hover_enabled=&#8220;off&#8220; button_text_color__hover_enabled=&#8220;off&#8220; button_one_text_color__hover_enabled=&#8220;off&#8220; button_two_text_color__hover_enabled=&#8220;off&#8220; button_border_width__hover_enabled=&#8220;off&#8220; button_one_border_width__hover_enabled=&#8220;off&#8220; button_two_border_width__hover_enabled=&#8220;off&#8220; button_border_color__hover_enabled=&#8220;off&#8220; button_one_border_color__hover_enabled=&#8220;off&#8220; button_two_border_color__hover_enabled=&#8220;off&#8220; button_border_radius__hover_enabled=&#8220;off&#8220; button_one_border_radius__hover_enabled=&#8220;off&#8220; button_two_border_radius__hover_enabled=&#8220;off&#8220; button_letter_spacing__hover_enabled=&#8220;off&#8220; button_one_letter_spacing__hover_enabled=&#8220;off&#8220; button_two_letter_spacing__hover_enabled=&#8220;off&#8220; button_bg_color__hover_enabled=&#8220;off&#8220; button_one_bg_color__hover_enabled=&#8220;off&#8220; button_two_bg_color__hover_enabled=&#8220;off&#8220;][\/et_pb_contact_field][\/et_pb_contact_form][\/et_pb_column][\/et_pb_row][\/et_pb_section]<\/p>\n","protected":false},"excerpt":{"rendered":"<p>IA France Adresse: 1023 Avenue de la Houille Blanche, 73000 Chamb\u00e9ry, Savoie Telefon: +334 79 75 00 07 Email:\u00a0contact(a)ia-france.frKontakt Sie haben eine Frage? Kommen Sie gerne auf uns zu, um weitere Informationen oder ein Angebot zu erhalten. Wir sind st\u00e4ndig auf der Suche nach Vertriebspartnern f\u00fcr unsere Schul- und B\u00fcrom\u00f6bel. Egal ob Sie M\u00f6belhersteller, Zwischenh\u00e4ndler [&hellip;]<\/p>\n","protected":false},"author":1,"featured_media":0,"parent":0,"menu_order":0,"comment_status":"closed","ping_status":"closed","template":"","meta":{"_et_pb_use_builder":"on","_et_pb_old_content":"","_et_gb_content_width":"","footnotes":""},"class_list":["post-797","page","type-page","status-publish","hentry"],"yoast_head":"<!-- This site is optimized with the Yoast SEO plugin v26.5 - https:\/\/yoast.com\/wordpress\/plugins\/seo\/ -->\n<title>Kontakt &#8226; Program 3.4.5<\/title>\n<meta name=\"robots\" content=\"index, follow, max-snippet:-1, max-image-preview:large, max-video-preview:-1\" \/>\n<link rel=\"canonical\" href=\"https:\/\/www.program345.com\/de\/contact\/\" \/>\n<meta property=\"og:locale\" content=\"de_DE\" \/>\n<meta property=\"og:type\" content=\"article\" \/>\n<meta property=\"og:title\" content=\"Kontakt &#8226; Program 3.4.5\" \/>\n<meta property=\"og:description\" content=\"IA France Adresse: 1023 Avenue de la Houille Blanche, 73000 Chamb\u00e9ry, Savoie Telefon: +334 79 75 00 07 Email:\u00a0contact(a)ia-france.frKontakt Sie haben eine Frage? Kommen Sie gerne auf uns zu, um weitere Informationen oder ein Angebot zu erhalten. Wir sind st\u00e4ndig auf der Suche nach Vertriebspartnern f\u00fcr unsere Schul- und B\u00fcrom\u00f6bel. Egal ob Sie M\u00f6belhersteller, Zwischenh\u00e4ndler [&hellip;]\" \/>\n<meta property=\"og:url\" content=\"https:\/\/www.program345.com\/de\/contact\/\" \/>\n<meta property=\"og:site_name\" content=\"Program 3.4.5\" \/>\n<meta property=\"article:publisher\" content=\"https:\/\/www.facebook.com\/Lint%c3%a9grale-dAgencement-455587537939465\/\" \/>\n<meta property=\"article:modified_time\" content=\"2026-04-22T08:29:04+00:00\" \/>\n<meta name=\"twitter:card\" content=\"summary_large_image\" \/>\n<meta name=\"twitter:label1\" content=\"Gesch\u00e4tzte Lesezeit\" \/>\n\t<meta name=\"twitter:data1\" content=\"1\u00a0Minute\" \/>\n<script type=\"application\/ld+json\" class=\"yoast-schema-graph\">{\"@context\":\"https:\/\/schema.org\",\"@graph\":[{\"@type\":\"WebPage\",\"@id\":\"https:\/\/www.program345.com\/de\/contact\/\",\"url\":\"https:\/\/www.program345.com\/de\/contact\/\",\"name\":\"Kontakt &#8226; Program 3.4.5\",\"isPartOf\":{\"@id\":\"https:\/\/www.program345.com\/#website\"},\"datePublished\":\"2017-04-21T08:10:24+00:00\",\"dateModified\":\"2026-04-22T08:29:04+00:00\",\"breadcrumb\":{\"@id\":\"https:\/\/www.program345.com\/de\/contact\/#breadcrumb\"},\"inLanguage\":\"de\",\"potentialAction\":[{\"@type\":\"ReadAction\",\"target\":[\"https:\/\/www.program345.com\/de\/contact\/\"]}]},{\"@type\":\"BreadcrumbList\",\"@id\":\"https:\/\/www.program345.com\/de\/contact\/#breadcrumb\",\"itemListElement\":[{\"@type\":\"ListItem\",\"position\":1,\"name\":\"Home\",\"item\":\"https:\/\/www.program345.com\/de\/start\/\"},{\"@type\":\"ListItem\",\"position\":2,\"name\":\"Kontakt\"}]},{\"@type\":\"WebSite\",\"@id\":\"https:\/\/www.program345.com\/#website\",\"url\":\"https:\/\/www.program345.com\/\",\"name\":\"Program 3.4.5\",\"description\":\"Professional furniture 3.4.5 modular and multiple configurations suitable for the school domain as professional\",\"potentialAction\":[{\"@type\":\"SearchAction\",\"target\":{\"@type\":\"EntryPoint\",\"urlTemplate\":\"https:\/\/www.program345.com\/?s={search_term_string}\"},\"query-input\":{\"@type\":\"PropertyValueSpecification\",\"valueRequired\":true,\"valueName\":\"search_term_string\"}}],\"inLanguage\":\"de\"}]}<\/script>\n<!-- \/ Yoast SEO plugin. -->","yoast_head_json":{"title":"Kontakt &#8226; Program 3.4.5","robots":{"index":"index","follow":"follow","max-snippet":"max-snippet:-1","max-image-preview":"max-image-preview:large","max-video-preview":"max-video-preview:-1"},"canonical":"https:\/\/www.program345.com\/de\/contact\/","og_locale":"de_DE","og_type":"article","og_title":"Kontakt &#8226; Program 3.4.5","og_description":"IA France Adresse: 1023 Avenue de la Houille Blanche, 73000 Chamb\u00e9ry, Savoie Telefon: +334 79 75 00 07 Email:\u00a0contact(a)ia-france.frKontakt Sie haben eine Frage? Kommen Sie gerne auf uns zu, um weitere Informationen oder ein Angebot zu erhalten. Wir sind st\u00e4ndig auf der Suche nach Vertriebspartnern f\u00fcr unsere Schul- und B\u00fcrom\u00f6bel. Egal ob Sie M\u00f6belhersteller, Zwischenh\u00e4ndler [&hellip;]","og_url":"https:\/\/www.program345.com\/de\/contact\/","og_site_name":"Program 3.4.5","article_publisher":"https:\/\/www.facebook.com\/Lint%c3%a9grale-dAgencement-455587537939465\/","article_modified_time":"2026-04-22T08:29:04+00:00","twitter_card":"summary_large_image","twitter_misc":{"Gesch\u00e4tzte Lesezeit":"1\u00a0Minute"},"schema":{"@context":"https:\/\/schema.org","@graph":[{"@type":"WebPage","@id":"https:\/\/www.program345.com\/de\/contact\/","url":"https:\/\/www.program345.com\/de\/contact\/","name":"Kontakt &#8226; Program 3.4.5","isPartOf":{"@id":"https:\/\/www.program345.com\/#website"},"datePublished":"2017-04-21T08:10:24+00:00","dateModified":"2026-04-22T08:29:04+00:00","breadcrumb":{"@id":"https:\/\/www.program345.com\/de\/contact\/#breadcrumb"},"inLanguage":"de","potentialAction":[{"@type":"ReadAction","target":["https:\/\/www.program345.com\/de\/contact\/"]}]},{"@type":"BreadcrumbList","@id":"https:\/\/www.program345.com\/de\/contact\/#breadcrumb","itemListElement":[{"@type":"ListItem","position":1,"name":"Home","item":"https:\/\/www.program345.com\/de\/start\/"},{"@type":"ListItem","position":2,"name":"Kontakt"}]},{"@type":"WebSite","@id":"https:\/\/www.program345.com\/#website","url":"https:\/\/www.program345.com\/","name":"Program 3.4.5","description":"Professional furniture 3.4.5 modular and multiple configurations suitable for the school domain as professional","potentialAction":[{"@type":"SearchAction","target":{"@type":"EntryPoint","urlTemplate":"https:\/\/www.program345.com\/?s={search_term_string}"},"query-input":{"@type":"PropertyValueSpecification","valueRequired":true,"valueName":"search_term_string"}}],"inLanguage":"de"}]}},"_links":{"self":[{"href":"https:\/\/www.program345.com\/de\/wp-json\/wp\/v2\/pages\/797","targetHints":{"allow":["GET"]}}],"collection":[{"href":"https:\/\/www.program345.com\/de\/wp-json\/wp\/v2\/pages"}],"about":[{"href":"https:\/\/www.program345.com\/de\/wp-json\/wp\/v2\/types\/page"}],"author":[{"embeddable":true,"href":"https:\/\/www.program345.com\/de\/wp-json\/wp\/v2\/users\/1"}],"replies":[{"embeddable":true,"href":"https:\/\/www.program345.com\/de\/wp-json\/wp\/v2\/comments?post=797"}],"version-history":[{"count":4,"href":"https:\/\/www.program345.com\/de\/wp-json\/wp\/v2\/pages\/797\/revisions"}],"predecessor-version":[{"id":4183,"href":"https:\/\/www.program345.com\/de\/wp-json\/wp\/v2\/pages\/797\/revisions\/4183"}],"wp:attachment":[{"href":"https:\/\/www.program345.com\/de\/wp-json\/wp\/v2\/media?parent=797"}],"curies":[{"name":"wp","href":"https:\/\/api.w.org\/{rel}","templated":true}]}}