{"id":812,"date":"2017-04-21T10:13:37","date_gmt":"2017-04-21T08:13:37","guid":{"rendered":"https:\/\/www.program345.com\/where-to-find-our-products\/"},"modified":"2021-07-05T17:21:57","modified_gmt":"2021-07-05T15:21:57","slug":"where-to-find-our-products","status":"publish","type":"page","link":"https:\/\/www.program345.com\/de\/where-to-find-our-products\/","title":{"rendered":"Kaufen"},"content":{"rendered":"<p>[et_pb_section fb_built=&#8220;1&#8243; fullwidth=&#8220;on&#8220; admin_label=&#8220;section&#8220; _builder_version=&#8220;3.22&#8243; background_color=&#8220;#2ea3f2&#8243; custom_padding=&#8220;0px|0px|0px|0px&#8220;][et_pb_fullwidth_slider admin_label=&#8220;Curseur de d\u00e9filement plein \u00e9cran&#8220; _builder_version=&#8220;3.16&#8243; custom_padding=&#8220;|||&#8220; custom_padding_tablet=&#8220;|||&#8220; custom_padding_phone=&#8220;|||&#8220; box_shadow_style=&#8220;preset6&#8243; box_shadow_blur=&#8220;10px&#8220; box_shadow_color=&#8220;rgba(0,0,0,0.1)&#8220; remove_inner_shadow=&#8220;off&#8220; hide_content_on_mobile=&#8220;off&#8220; hide_cta_on_mobile=&#8220;off&#8220; show_inner_shadow=&#8220;on&#8220; button_letter_spacing_hover=&#8220;0&#8243; button_text_size__hover_enabled=&#8220;off&#8220; button_one_text_size__hover_enabled=&#8220;off&#8220; button_two_text_size__hover_enabled=&#8220;off&#8220; button_text_color__hover_enabled=&#8220;off&#8220; button_one_text_color__hover_enabled=&#8220;off&#8220; button_two_text_color__hover_enabled=&#8220;off&#8220; button_border_width__hover_enabled=&#8220;off&#8220; button_one_border_width__hover_enabled=&#8220;off&#8220; button_two_border_width__hover_enabled=&#8220;off&#8220; button_border_color__hover_enabled=&#8220;off&#8220; button_one_border_color__hover_enabled=&#8220;off&#8220; button_two_border_color__hover_enabled=&#8220;off&#8220; button_border_radius__hover_enabled=&#8220;off&#8220; button_one_border_radius__hover_enabled=&#8220;off&#8220; button_two_border_radius__hover_enabled=&#8220;off&#8220; button_letter_spacing__hover_enabled=&#8220;on&#8220; button_letter_spacing__hover=&#8220;0&#8243; button_one_letter_spacing__hover_enabled=&#8220;off&#8220; button_two_letter_spacing__hover_enabled=&#8220;off&#8220; button_bg_color__hover_enabled=&#8220;off&#8220; button_one_bg_color__hover_enabled=&#8220;off&#8220; button_two_bg_color__hover_enabled=&#8220;off&#8220;][et_pb_slide heading=&#8220;Wo Sie unsere Produkte finden&#8220; use_bg_overlay=&#8220;on&#8220; bg_overlay_color=&#8220;rgba(0,0,0,0.5)&#8220; use_text_overlay=&#8220;off&#8220; _builder_version=&#8220;3.16&#8243; header_font=&#8220;||||&#8220; body_font=&#8220;||||&#8220; background_color=&#8220;#ffffff&#8220; background_image=&#8220;https:\/\/www.program345.com\/wp-content\/uploads\/2017\/04\/THE-3.4.5.-SCHOOL-TABLEmobilier-scolaire-empilable.png&#8220; button_icon_placement=&#8220;right&#8220; button_on_hover=&#8220;on&#8220; button_text_size__hover_enabled=&#8220;off&#8220; button_one_text_size__hover_enabled=&#8220;off&#8220; button_two_text_size__hover_enabled=&#8220;off&#8220; button_text_color__hover_enabled=&#8220;off&#8220; button_one_text_color__hover_enabled=&#8220;off&#8220; button_two_text_color__hover_enabled=&#8220;off&#8220; button_border_width__hover_enabled=&#8220;off&#8220; button_one_border_width__hover_enabled=&#8220;off&#8220; button_two_border_width__hover_enabled=&#8220;off&#8220; button_border_color__hover_enabled=&#8220;off&#8220; button_one_border_color__hover_enabled=&#8220;off&#8220; button_two_border_color__hover_enabled=&#8220;off&#8220; button_border_radius__hover_enabled=&#8220;off&#8220; button_one_border_radius__hover_enabled=&#8220;off&#8220; button_two_border_radius__hover_enabled=&#8220;off&#8220; button_letter_spacing__hover_enabled=&#8220;off&#8220; button_one_letter_spacing__hover_enabled=&#8220;off&#8220; button_two_letter_spacing__hover_enabled=&#8220;off&#8220; button_bg_color__hover_enabled=&#8220;off&#8220; button_one_bg_color__hover_enabled=&#8220;off&#8220; button_two_bg_color__hover_enabled=&#8220;off&#8220; sticky_transition=&#8220;on&#8220;][\/et_pb_slide][\/et_pb_fullwidth_slider][\/et_pb_section][et_pb_section fb_built=&#8220;1&#8243; admin_label=&#8220;section&#8220; _builder_version=&#8220;3.22&#8243;][et_pb_row admin_label=&#8220;row&#8220; _builder_version=&#8220;3.25&#8243; background_size=&#8220;initial&#8220; background_position=&#8220;top_left&#8220; background_repeat=&#8220;repeat&#8220;][et_pb_column type=&#8220;4_4&#8243; _builder_version=&#8220;3.25&#8243; custom_padding=&#8220;|||&#8220; custom_padding__hover=&#8220;|||&#8220;][et_pb_text _builder_version=&#8220;3.27.4&#8243; text_font_size=&#8220;18&#8243; background_size=&#8220;initial&#8220; background_position=&#8220;top_left&#8220; background_repeat=&#8220;repeat&#8220; border_style=&#8220;solid&#8220;]<\/p>\n<p style=\"text-align: center;\">Aktuell werden alle Schul- und B\u00fcrom\u00f6bel der Linie 3.4.5. in hochmodernen Produktionsst\u00e4tten in Frankreich gefertigt. Von hier aus vertreiben wir unser Konzept international, haupts\u00e4chlich in Europa.<br \/>\nDar\u00fcber hinaus kooperieren wir \u00fcber Produktionslizenzen mit anderen anspruchsvollen Herstellern mit hohem Qualit\u00e4tsanspruch.<\/p>\n<p style=\"text-align: center;\">Sie sind <strong>M\u00f6belhersteller,<\/strong>, <strong>Zwischenh\u00e4ndler<\/strong> oder <strong>Fachh\u00e4ndler<\/strong>, und ein wichtiger Akteur im Schul- und B\u00fcrom\u00f6bel-Markt?<\/p>\n<p style=\"text-align: center;\"><a href=\"https:\/\/www.program345.com\/contact\/\">Nehmen Sie Kontakt<\/a> mit uns auf, damit wir Ihren Markt gemeinsam gestalten k\u00f6nnen.<\/p>\n<p>[\/et_pb_text][et_pb_image src=&#8220;https:\/\/www.program345.com\/wp-content\/uploads\/2017\/04\/mobilier-professionnel-modulable.jpg&#8220; align_tablet=&#8220;center&#8220; align_phone=&#8220;&#8220; align_last_edited=&#8220;on|desktop&#8220; _builder_version=&#8220;3.23&#8243; animation_style=&#8220;slide&#8220; animation_direction=&#8220;left&#8220; animation_duration=&#8220;500ms&#8220; animation_intensity_slide=&#8220;10%&#8220;][\/et_pb_image][\/et_pb_column][\/et_pb_row][\/et_pb_section][et_pb_section fb_built=&#8220;1&#8243; admin_label=&#8220;section&#8220; _builder_version=&#8220;3.22&#8243; locked=&#8220;off&#8220;][et_pb_row admin_label=&#8220;row&#8220; _builder_version=&#8220;3.25&#8243; background_size=&#8220;initial&#8220; background_position=&#8220;top_left&#8220; background_repeat=&#8220;repeat&#8220; custom_padding=&#8220;7px|||||&#8220;][et_pb_column type=&#8220;4_4&#8243; _builder_version=&#8220;3.25&#8243; custom_padding=&#8220;|||&#8220; custom_padding__hover=&#8220;|||&#8220;][et_pb_divider divider_weight=&#8220;5px&#8220; _builder_version=&#8220;4.9.7&#8243; _module_preset=&#8220;default&#8220; max_width=&#8220;26%&#8220; module_alignment=&#8220;center&#8220;][\/et_pb_divider][et_pb_text admin_label=&#8220;Text&#8220; _builder_version=&#8220;4.9.7&#8243; text_font_size=&#8220;18&#8243; background_size=&#8220;initial&#8220; background_position=&#8220;top_left&#8220; background_repeat=&#8220;repeat&#8220; hover_enabled=&#8220;0&#8243; sticky_enabled=&#8220;0&#8243;]<\/p>\n<h2 style=\"text-align: center;\">Unsere Partner \/ Wiederverk\u00e4ufer<\/h2>\n<p>[\/et_pb_text][\/et_pb_column][\/et_pb_row][et_pb_row column_structure=&#8220;1_3,2_3&#8243; _builder_version=&#8220;4.9.7&#8243; _module_preset=&#8220;default&#8220;][et_pb_column type=&#8220;1_3&#8243; _builder_version=&#8220;4.9.7&#8243; _module_preset=&#8220;default&#8220;][et_pb_image src=&#8220;https:\/\/www.program345.com\/wp-content\/uploads\/2021\/06\/IA-FRANCE-Logo-Web-.png&#8220; title_text=&#8220;IA FRANCE &#8211; Logo- Web&#8220; _builder_version=&#8220;4.9.7&#8243; _module_preset=&#8220;default&#8220; custom_margin=&#8220;-47px|||||&#8220;][\/et_pb_image][\/et_pb_column][et_pb_column type=&#8220;2_3&#8243; _builder_version=&#8220;4.9.7&#8243; _module_preset=&#8220;default&#8220;][et_pb_blurb title=&#8220;France &#038; monde&#8220; content_max_width=&#8220;1100px&#8220; _builder_version=&#8220;4.9.7&#8243; _module_preset=&#8220;default&#8220; header_text_color=&#8220;#E83966&#8243;]<\/p>\n<p><strong>L\u2019Int\u00e9grale d\u2019Agencement<\/strong><\/p>\n<p>Designer von ma\u00dfgeschneiderten M\u00f6beln, anpassbar an Ihre Bed\u00fcrfnisse!<\/p>\n<p>Rue Pr\u00e9 Gaut, 73420 Voglans<br \/>Savoie &#8211;\u00a0 France<\/p>\n<p><strong>T\u00e9l.<\/strong>\u00a0<a class=\"fl r-iDdHPL4_bg6c\" title=\"Appeler avec Hangouts\" href=\"tel:+334 79 54 56 15\" data-number=\"+33479545615\" data-pstn-out-call-url=\"\" data-rtid=\"iDdHPL4_bg6c\" data-ved=\"2ahUKEwiXubXv8sPkAhVvxYUKHWUWC5UQkAgoADARegQIExAD\">+33(0)4 79 54 56 15<\/a><br \/><strong>E-mail :\u00a0<\/strong><a href=\"mailto:contact@ia-france.fr\" target=\"_blank\" rel=\"noopener noreferrer\">contact@ia-france.fr<\/a><br \/><strong>Web :<\/strong> <a href=\"https:\/\/www.ia-france.fr\/\" target=\"_blank\" rel=\"noopener\">www.ia-france.fr<\/a><\/p>\n<p>[\/et_pb_blurb][\/et_pb_column][\/et_pb_row][et_pb_row column_structure=&#8220;1_3,1_3,1_3&#8243; _builder_version=&#8220;4.9.7&#8243; _module_preset=&#8220;default&#8220;][et_pb_column type=&#8220;1_3&#8243; _builder_version=&#8220;4.9.7&#8243; _module_preset=&#8220;default&#8220;][et_pb_blurb title=&#8220;Su\u00e8de et Norv\u00e8ge&#8220; image=&#8220;https:\/\/www.program345.com\/wp-content\/uploads\/2021\/06\/sonobrands.png&#8220; _builder_version=&#8220;4.9.7&#8243; _module_preset=&#8220;default&#8220; header_text_color=&#8220;#E83966&#8243;]<\/p>\n<h3>Sono Brands AB<\/h3>\n<p>H\u00f6rngatan 5 | Box 196<br \/>S-573 22\u00a0Tran\u00e5s<\/p>\n<p><strong>T\u00e9l.<\/strong>\u00a0<a href=\"tel:+46%20140 77 14 00\">+46 140 77 14 00<\/a><br \/><strong>Email :<\/strong>\u00a0<a href=\"mailto:info@sonobrands.se\">info@sonobrands.se<\/a><br \/><strong>Web :<\/strong> <a href=\"https:\/\/www.sonobrands.se\/\" target=\"_blank\" rel=\"noopener\">www.sonobrands.se<\/a><\/p>\n<p>[\/et_pb_blurb][\/et_pb_column][et_pb_column type=&#8220;1_3&#8243; _builder_version=&#8220;4.9.7&#8243; _module_preset=&#8220;default&#8220;][et_pb_blurb title=&#8220;Espagne&#8220; image=&#8220;https:\/\/www.program345.com\/wp-content\/uploads\/2021\/06\/crom-2-logoweb-116591-160425104028.jpg&#8220; image_max_width=&#8220;70%&#8220; _builder_version=&#8220;4.9.7&#8243; _module_preset=&#8220;default&#8220; header_text_color=&#8220;#E83966&#8243; global_colors_info=&#8220;{}&#8220;]<\/p>\n<h3>CROM 2, S.A.<\/h3>\n<p>Ctra. N-II km 454<br \/>Poligon Industrial Galileo C\/B<br \/>25180 &#8211; ALCARR\u00c0S &#8211; SPAIN<\/p>\n<p><strong>T\u00e9l.<\/strong> <a href=\"tel:+34%20973 795030\">+34 973 795030<\/a><br \/><strong>Mail<\/strong> : <a href=\"mailto:ventas@crom2.com\">ventas@crom2.com<\/a><br \/><strong>Web :<\/strong> <a href=\"http:\/\/www.crom2.net\/\" target=\"_blank\" rel=\"noopener\">www.crom2.net<\/a><\/p>\n<p>[\/et_pb_blurb][\/et_pb_column][et_pb_column type=&#8220;1_3&#8243; _builder_version=&#8220;4.9.7&#8243; _module_preset=&#8220;default&#8220;][et_pb_blurb title=&#8220;Hongrie, R\u00e9publique Tch\u00e8que, Slovaquie, Roumanie, Croatie, Serbie&#8220; image=&#8220;https:\/\/www.program345.com\/wp-content\/uploads\/2021\/06\/Alex_logo.jpg&#8220; image_max_width=&#8220;75%&#8220; _builder_version=&#8220;4.9.7&#8243; _module_preset=&#8220;default&#8220; header_text_color=&#8220;#E83966&#8243; global_colors_info=&#8220;{}&#8220;]<\/p>\n<h3>ALEX F\u00e9mb\u00fator Kft.<\/h3>\n<p>Magyar u. 21-23.<br \/>H-2072 Zs\u00e1mb\u00e9k,<\/p>\n<p><strong>T\u00e9l.<\/strong>\u00a0<a href=\"tel:+36%20(23) 341-356\">+36 (23) 341-356<\/a><br \/><strong>E-mail :<\/strong> <a href=\"mailto:info@alexbutor.hu\">info@alexbutor.hu<\/a><br \/><strong>Web :<\/strong> <a href=\"https:\/\/alexbutor.hu\/\" target=\"_blank\" rel=\"noopener\">alexbutor.hu<\/a><\/p>\n<p>[\/et_pb_blurb][\/et_pb_column][\/et_pb_row][\/et_pb_section][et_pb_section fb_built=&#8220;1&#8243; fullwidth=&#8220;on&#8220; admin_label=&#8220;section&#8220; _builder_version=&#8220;3.22&#8243; locked=&#8220;off&#8220;][et_pb_fullwidth_map address=&#8220;France&#8220; zoom_level=&#8220;3&#8243; address_lat=&#8220;46.227638&#8243; address_lng=&#8220;2.213749&#8243; _builder_version=&#8220;4.9.7&#8243; filter_hue_rotate=&#8220;198deg&#8220; child_filter_hue_rotate=&#8220;111deg&#8220; child_filter_saturate=&#8220;0%&#8220;][et_pb_map_pin title=&#8220;L&#8217;Int\u00e9grale d&#8217;Agencement&#8220; pin_address=&#8220;Rue Pr\u00e9 Gaut, 73420 Voglans, France&#8220; pin_address_lat=&#8220;45.618106&#8243; pin_address_lng=&#8220;5.89000139999996&#8243; _builder_version=&#8220;3.0.47&#8243;]<\/p>\n<p><strong>L&#8217;Int\u00e9grale d&#8217;Agencement<\/strong><\/p>\n<p>Rue Pr\u00e9 Gaut, 73420 Voglans, France<\/p>\n<p>[\/et_pb_map_pin][et_pb_map_pin title=&#8220;CROM 2, S.A.&#8220; pin_address=&#8220;Poligon Industrial de Collestret, carrer B, 2, 25180 Alcarr\u00e0s, L\u00e9rida, Espagne&#8220; pin_address_lat=&#8220;41.575384&#8243; pin_address_lng=&#8220;0.550646&#8243; _builder_version=&#8220;4.9.7&#8243; _module_preset=&#8220;default&#8220;]<\/p>\n<p>&nbsp;<\/p>\n<p>Ctra. N-II km 454<\/p>\n<p>Poligon Industrial Galileo C\/B<\/p>\n<p>25180 &#8211; ALCARR\u00c0S &#8211; SPAIN<\/p>\n<p>Tel. +34 973 795030<\/p>\n<p>ventas@crom2.com<\/p>\n<p>[\/et_pb_map_pin][et_pb_map_pin title=&#8220;Sono Brands AB&#8220; pin_address=&#8220;H\u00f6rngatan 5, 573 42 Tran\u00e5s, Su\u00e8de&#8220; pin_address_lat=&#8220;58.0442441&#8243; pin_address_lng=&#8220;14.9705194&#8243; _builder_version=&#8220;4.9.7&#8243; _module_preset=&#8220;default&#8220;]<\/p>\n<p><span>H\u00f6rngatan 5 | Box 196<br \/>S-573 22\u00a0Tran\u00e5s<\/span><\/p>\n<p><span>Phone: +46 140 77 14 00<\/span><\/p>\n<p><span>Email:\u00a0<a href=\"mailto:info@sonobrands.se\">info@sonobrands.se<\/a><\/span><\/p>\n<p>[\/et_pb_map_pin][et_pb_map_pin title=&#8220;ALEX F\u00e9mb\u00fator Kft.&#8220; pin_address=&#8220;Zs\u00e1mb\u00e9k, Magyar u. 21, 2072 Hongrie&#8220; pin_address_lat=&#8220;47.5473205&#8243; pin_address_lng=&#8220;18.7204124&#8243; _builder_version=&#8220;4.9.7&#8243; _module_preset=&#8220;default&#8220;]<\/p>\n<p>Magyar u. 21-23.<\/p>\n<p>H-2072 Zs\u00e1mb\u00e9k,<\/p>\n<p>Phone: +36 (23) 341-356<\/p>\n<p>E-mail: info@alexbutor.hu<\/p>\n<p>Web: alexbutor.hu<\/p>\n<p>[\/et_pb_map_pin][\/et_pb_fullwidth_map][\/et_pb_section][et_pb_section fb_built=&#8220;1&#8243; admin_label=&#8220;section&#8220; _builder_version=&#8220;3.22&#8243; locked=&#8220;off&#8220;][et_pb_row admin_label=&#8220;row&#8220; _builder_version=&#8220;3.25&#8243; background_size=&#8220;initial&#8220; background_position=&#8220;top_left&#8220; background_repeat=&#8220;repeat&#8220; custom_padding=&#8220;7px|||||&#8220;][et_pb_column type=&#8220;4_4&#8243; _builder_version=&#8220;3.25&#8243; custom_padding=&#8220;|||&#8220; custom_padding__hover=&#8220;|||&#8220;][et_pb_divider divider_weight=&#8220;5px&#8220; _builder_version=&#8220;4.9.7&#8243; _module_preset=&#8220;default&#8220; max_width=&#8220;26%&#8220; module_alignment=&#8220;center&#8220;][\/et_pb_divider][et_pb_text _builder_version=&#8220;4.9.7&#8243; text_font_size=&#8220;18&#8243; background_size=&#8220;initial&#8220; background_position=&#8220;top_left&#8220; background_repeat=&#8220;repeat&#8220; hover_enabled=&#8220;0&#8243; border_style=&#8220;solid&#8220; sticky_enabled=&#8220;0&#8243;]<\/p>\n<p style=\"text-align: center;\">Sie sind <strong>M\u00f6belhersteller,<\/strong>\u00a0<strong>Zwischenh\u00e4ndler<\/strong> oder <strong>Fachh\u00e4ndler<\/strong>, und ein wichtiger Akteur im Schul- und B\u00fcrom\u00f6bel-Markt?<\/p>\n<p style=\"text-align: center;\"><a href=\"https:\/\/www.program345.com\/contact\/\">Nehmen Sie Kontakt<\/a> mit uns auf, damit wir Ihren Markt gemeinsam gestalten k\u00f6nnen.<\/p>\n<p>[\/et_pb_text][\/et_pb_column][\/et_pb_row][\/et_pb_section][et_pb_section fb_built=&#8220;1&#8243; inner_shadow=&#8220;on&#8220; admin_label=&#8220;section&#8220; _builder_version=&#8220;3.22&#8243; background_color=&#8220;#e83966&#8243;][et_pb_row admin_label=&#8220;row&#8220; _builder_version=&#8220;3.25&#8243; background_size=&#8220;initial&#8220; background_position=&#8220;top_left&#8220; background_repeat=&#8220;repeat&#8220;][et_pb_column type=&#8220;4_4&#8243; _builder_version=&#8220;3.25&#8243; custom_padding=&#8220;|||&#8220; custom_padding__hover=&#8220;|||&#8220;][et_pb_cta title=&#8220;Zwischenh\u00e4ndler aufgepasst!&#8220; button_url=&#8220;https:\/\/www.program345.com\/de\/contact\/&#8220; button_text=&#8220;Kontaktieren Sie uns&#8220; _builder_version=&#8220;4.6.1&#8243; use_background_color=&#8220;off&#8220; background_size=&#8220;initial&#8220; background_position=&#8220;top_left&#8220; background_repeat=&#8220;repeat&#8220; button_letter_spacing_hover=&#8220;0&#8243; border_style=&#8220;solid&#8220; button_text_size__hover_enabled=&#8220;off&#8220; button_one_text_size__hover_enabled=&#8220;off&#8220; button_two_text_size__hover_enabled=&#8220;off&#8220; button_text_color__hover_enabled=&#8220;off&#8220; button_one_text_color__hover_enabled=&#8220;off&#8220; button_two_text_color__hover_enabled=&#8220;off&#8220; button_border_width__hover_enabled=&#8220;off&#8220; button_one_border_width__hover_enabled=&#8220;off&#8220; button_two_border_width__hover_enabled=&#8220;off&#8220; button_border_color__hover_enabled=&#8220;off&#8220; button_one_border_color__hover_enabled=&#8220;off&#8220; button_two_border_color__hover_enabled=&#8220;off&#8220; button_border_radius__hover_enabled=&#8220;off&#8220; button_one_border_radius__hover_enabled=&#8220;off&#8220; button_two_border_radius__hover_enabled=&#8220;off&#8220; button_letter_spacing__hover_enabled=&#8220;on&#8220; button_letter_spacing__hover=&#8220;0&#8243; button_one_letter_spacing__hover_enabled=&#8220;off&#8220; button_two_letter_spacing__hover_enabled=&#8220;off&#8220; button_bg_color__hover_enabled=&#8220;off&#8220; button_one_bg_color__hover_enabled=&#8220;off&#8220; button_two_bg_color__hover_enabled=&#8220;off&#8220;]Wir sind auf der Suche nach Distributoren und Herstellern f\u00fcr unser 3.4.5. Programm<sup>\u00a9<\/sup> in Europa[\/et_pb_cta][\/et_pb_column][\/et_pb_row][\/et_pb_section]<\/p>\n","protected":false},"excerpt":{"rendered":"<p>Aktuell werden alle Schul- und B\u00fcrom\u00f6bel der Linie 3.4.5. in hochmodernen Produktionsst\u00e4tten in Frankreich gefertigt. Von hier aus vertreiben wir unser Konzept international, haupts\u00e4chlich in Europa. Dar\u00fcber hinaus kooperieren wir \u00fcber Produktionslizenzen mit anderen anspruchsvollen Herstellern mit hohem Qualit\u00e4tsanspruch. Sie sind M\u00f6belhersteller,, Zwischenh\u00e4ndler oder Fachh\u00e4ndler, und ein wichtiger Akteur im Schul- und B\u00fcrom\u00f6bel-Markt? Nehmen Sie [&hellip;]<\/p>\n","protected":false},"author":1,"featured_media":0,"parent":0,"menu_order":0,"comment_status":"closed","ping_status":"closed","template":"","meta":{"_et_pb_use_builder":"on","_et_pb_old_content":"","_et_gb_content_width":"","footnotes":""},"class_list":["post-812","page","type-page","status-publish","hentry"],"yoast_head":"<!-- This site is optimized with the Yoast SEO plugin v26.5 - https:\/\/yoast.com\/wordpress\/plugins\/seo\/ -->\n<title>Wir sind auf der Suche nach Zwischenh\u00e4ndlern. Kontaktieren Sie uns!<\/title>\n<meta name=\"description\" content=\"Wir sind auf der Suche nach Zwischenh\u00e4ndlern und Herstellern f\u00fcr unser Programm 3.4.5. in ganz Europa\" \/>\n<meta name=\"robots\" content=\"index, follow, max-snippet:-1, max-image-preview:large, max-video-preview:-1\" \/>\n<link rel=\"canonical\" href=\"https:\/\/www.program345.com\/de\/where-to-find-our-products\/\" \/>\n<meta property=\"og:locale\" content=\"de_DE\" \/>\n<meta property=\"og:type\" content=\"article\" \/>\n<meta property=\"og:title\" content=\"Wir sind auf der Suche nach Zwischenh\u00e4ndlern. Kontaktieren Sie uns!\" \/>\n<meta property=\"og:description\" content=\"Wir sind auf der Suche nach Zwischenh\u00e4ndlern und Herstellern f\u00fcr unser Programm 3.4.5. in ganz Europa\" \/>\n<meta property=\"og:url\" content=\"https:\/\/www.program345.com\/de\/where-to-find-our-products\/\" \/>\n<meta property=\"og:site_name\" content=\"Program 3.4.5\" \/>\n<meta property=\"article:publisher\" content=\"https:\/\/www.facebook.com\/Lint%c3%a9grale-dAgencement-455587537939465\/\" \/>\n<meta property=\"article:modified_time\" content=\"2021-07-05T15:21:57+00:00\" \/>\n<meta name=\"twitter:card\" content=\"summary_large_image\" \/>\n<meta name=\"twitter:label1\" content=\"Gesch\u00e4tzte Lesezeit\" \/>\n\t<meta name=\"twitter:data1\" content=\"8\u00a0Minuten\" \/>\n<script type=\"application\/ld+json\" class=\"yoast-schema-graph\">{\"@context\":\"https:\/\/schema.org\",\"@graph\":[{\"@type\":\"WebPage\",\"@id\":\"https:\/\/www.program345.com\/de\/where-to-find-our-products\/\",\"url\":\"https:\/\/www.program345.com\/de\/where-to-find-our-products\/\",\"name\":\"Wir sind auf der Suche nach Zwischenh\u00e4ndlern. Kontaktieren Sie uns!\",\"isPartOf\":{\"@id\":\"https:\/\/www.program345.com\/#website\"},\"datePublished\":\"2017-04-21T08:13:37+00:00\",\"dateModified\":\"2021-07-05T15:21:57+00:00\",\"description\":\"Wir sind auf der Suche nach Zwischenh\u00e4ndlern und Herstellern f\u00fcr unser Programm 3.4.5. in ganz Europa\",\"breadcrumb\":{\"@id\":\"https:\/\/www.program345.com\/de\/where-to-find-our-products\/#breadcrumb\"},\"inLanguage\":\"de\",\"potentialAction\":[{\"@type\":\"ReadAction\",\"target\":[\"https:\/\/www.program345.com\/de\/where-to-find-our-products\/\"]}]},{\"@type\":\"BreadcrumbList\",\"@id\":\"https:\/\/www.program345.com\/de\/where-to-find-our-products\/#breadcrumb\",\"itemListElement\":[{\"@type\":\"ListItem\",\"position\":1,\"name\":\"Home\",\"item\":\"https:\/\/www.program345.com\/de\/start\/\"},{\"@type\":\"ListItem\",\"position\":2,\"name\":\"Kaufen\"}]},{\"@type\":\"WebSite\",\"@id\":\"https:\/\/www.program345.com\/#website\",\"url\":\"https:\/\/www.program345.com\/\",\"name\":\"Program 3.4.5\",\"description\":\"Professional furniture 3.4.5 modular and multiple configurations suitable for the school domain as professional\",\"potentialAction\":[{\"@type\":\"SearchAction\",\"target\":{\"@type\":\"EntryPoint\",\"urlTemplate\":\"https:\/\/www.program345.com\/?s={search_term_string}\"},\"query-input\":{\"@type\":\"PropertyValueSpecification\",\"valueRequired\":true,\"valueName\":\"search_term_string\"}}],\"inLanguage\":\"de\"}]}<\/script>\n<!-- \/ Yoast SEO plugin. -->","yoast_head_json":{"title":"Wir sind auf der Suche nach Zwischenh\u00e4ndlern. Kontaktieren Sie uns!","description":"Wir sind auf der Suche nach Zwischenh\u00e4ndlern und Herstellern f\u00fcr unser Programm 3.4.5. in ganz Europa","robots":{"index":"index","follow":"follow","max-snippet":"max-snippet:-1","max-image-preview":"max-image-preview:large","max-video-preview":"max-video-preview:-1"},"canonical":"https:\/\/www.program345.com\/de\/where-to-find-our-products\/","og_locale":"de_DE","og_type":"article","og_title":"Wir sind auf der Suche nach Zwischenh\u00e4ndlern. Kontaktieren Sie uns!","og_description":"Wir sind auf der Suche nach Zwischenh\u00e4ndlern und Herstellern f\u00fcr unser Programm 3.4.5. in ganz Europa","og_url":"https:\/\/www.program345.com\/de\/where-to-find-our-products\/","og_site_name":"Program 3.4.5","article_publisher":"https:\/\/www.facebook.com\/Lint%c3%a9grale-dAgencement-455587537939465\/","article_modified_time":"2021-07-05T15:21:57+00:00","twitter_card":"summary_large_image","twitter_misc":{"Gesch\u00e4tzte Lesezeit":"8\u00a0Minuten"},"schema":{"@context":"https:\/\/schema.org","@graph":[{"@type":"WebPage","@id":"https:\/\/www.program345.com\/de\/where-to-find-our-products\/","url":"https:\/\/www.program345.com\/de\/where-to-find-our-products\/","name":"Wir sind auf der Suche nach Zwischenh\u00e4ndlern. Kontaktieren Sie uns!","isPartOf":{"@id":"https:\/\/www.program345.com\/#website"},"datePublished":"2017-04-21T08:13:37+00:00","dateModified":"2021-07-05T15:21:57+00:00","description":"Wir sind auf der Suche nach Zwischenh\u00e4ndlern und Herstellern f\u00fcr unser Programm 3.4.5. in ganz Europa","breadcrumb":{"@id":"https:\/\/www.program345.com\/de\/where-to-find-our-products\/#breadcrumb"},"inLanguage":"de","potentialAction":[{"@type":"ReadAction","target":["https:\/\/www.program345.com\/de\/where-to-find-our-products\/"]}]},{"@type":"BreadcrumbList","@id":"https:\/\/www.program345.com\/de\/where-to-find-our-products\/#breadcrumb","itemListElement":[{"@type":"ListItem","position":1,"name":"Home","item":"https:\/\/www.program345.com\/de\/start\/"},{"@type":"ListItem","position":2,"name":"Kaufen"}]},{"@type":"WebSite","@id":"https:\/\/www.program345.com\/#website","url":"https:\/\/www.program345.com\/","name":"Program 3.4.5","description":"Professional furniture 3.4.5 modular and multiple configurations suitable for the school domain as professional","potentialAction":[{"@type":"SearchAction","target":{"@type":"EntryPoint","urlTemplate":"https:\/\/www.program345.com\/?s={search_term_string}"},"query-input":{"@type":"PropertyValueSpecification","valueRequired":true,"valueName":"search_term_string"}}],"inLanguage":"de"}]}},"_links":{"self":[{"href":"https:\/\/www.program345.com\/de\/wp-json\/wp\/v2\/pages\/812","targetHints":{"allow":["GET"]}}],"collection":[{"href":"https:\/\/www.program345.com\/de\/wp-json\/wp\/v2\/pages"}],"about":[{"href":"https:\/\/www.program345.com\/de\/wp-json\/wp\/v2\/types\/page"}],"author":[{"embeddable":true,"href":"https:\/\/www.program345.com\/de\/wp-json\/wp\/v2\/users\/1"}],"replies":[{"embeddable":true,"href":"https:\/\/www.program345.com\/de\/wp-json\/wp\/v2\/comments?post=812"}],"version-history":[{"count":14,"href":"https:\/\/www.program345.com\/de\/wp-json\/wp\/v2\/pages\/812\/revisions"}],"predecessor-version":[{"id":3552,"href":"https:\/\/www.program345.com\/de\/wp-json\/wp\/v2\/pages\/812\/revisions\/3552"}],"wp:attachment":[{"href":"https:\/\/www.program345.com\/de\/wp-json\/wp\/v2\/media?parent=812"}],"curies":[{"name":"wp","href":"https:\/\/api.w.org\/{rel}","templated":true}]}}