{"id":828,"date":"2017-04-21T16:35:30","date_gmt":"2017-04-21T14:35:30","guid":{"rendered":"https:\/\/www.program345.com\/office-furniture\/3-4-5-commercial-table\/"},"modified":"2018-10-12T15:48:38","modified_gmt":"2018-10-12T13:48:38","slug":"3-4-5-commercial-table","status":"publish","type":"page","link":"https:\/\/www.program345.com\/de\/office-furniture\/3-4-5-commercial-table\/","title":{"rendered":"B\u00dcROTISCH &#8211; OFFICE"},"content":{"rendered":"<p>[et_pb_section bb_built=&#8220;1&#8243; fullwidth=&#8220;on&#8220; _builder_version=&#8220;3.0.47&#8243;][et_pb_fullwidth_slider auto=&#8220;on&#8220; auto_speed=&#8220;3000&#8243; _builder_version=&#8220;3.0.71&#8243;]<\/p>\n<p>[et_pb_slide heading=&#8220;B\u00dcROTISCH &#8211; OFFICE&#8220; background_image=&#8220;https:\/\/www.program345.com\/wp-content\/uploads\/2017\/04\/business-furniture.jpg&#8220; use_bg_overlay=&#8220;on&#8220; bg_overlay_color=&#8220;rgba(0,0,0,0.5)&#8220; use_text_overlay=&#8220;off&#8220; _builder_version=&#8220;3.0.47&#8243; header_font=&#8220;||||&#8220; body_font=&#8220;||||&#8220; custom_button=&#8220;off&#8220; button_icon_placement=&#8220;right&#8220; button_on_hover=&#8220;on&#8220;]<\/p>\n<p style=\"text-align: center;\">Das Programm 3.4.5. ist ein modulares System von Tischen, die beliebig zu verschiedenen einheitlichen Kombinationen zusammengestellt werden k\u00f6nnen.<\/p>\n<h3 style=\"text-align: center;\">Designt f\u00fcr Meeting- Schulungs- und Seminarr\u00e4ume<\/h3>\n<p>[\/et_pb_slide]<\/p>\n<p>[\/et_pb_fullwidth_slider][\/et_pb_section][et_pb_section bb_built=&#8220;1&#8243; _builder_version=&#8220;3.0.47&#8243;][et_pb_row _builder_version=&#8220;3.0.47&#8243; background_size=&#8220;initial&#8220; background_position=&#8220;top_left&#8220; background_repeat=&#8220;repeat&#8220;][et_pb_column type=&#8220;1_3&#8243;][et_pb_image src=&#8220;https:\/\/www.program345.com\/wp-content\/uploads\/2017\/04\/professional-table.jpg&#8220; _builder_version=&#8220;3.0.71&#8243;]<br \/>\n[\/et_pb_image][\/et_pb_column][et_pb_column type=&#8220;1_3&#8243;][et_pb_image src=&#8220;https:\/\/www.program345.com\/wp-content\/uploads\/2017\/04\/professionnal-and-modular-table.jpg&#8220; animation=&#8220;top&#8220; _builder_version=&#8220;3.0.71&#8243;]<br \/>\n[\/et_pb_image][\/et_pb_column][et_pb_column type=&#8220;1_3&#8243;][et_pb_image src=&#8220;https:\/\/www.program345.com\/wp-content\/uploads\/2017\/04\/professional-and-modular-table.jpg&#8220; animation=&#8220;right&#8220; _builder_version=&#8220;3.0.71&#8243;]<br \/>\n[\/et_pb_image][\/et_pb_column][\/et_pb_row][et_pb_row _builder_version=&#8220;3.0.47&#8243; background_size=&#8220;initial&#8220; background_position=&#8220;top_left&#8220; background_repeat=&#8220;repeat&#8220;][et_pb_column type=&#8220;4_4&#8243;][et_pb_image src=&#8220;https:\/\/www.program345.com\/wp-content\/uploads\/2017\/04\/design-cb-lefebvre.png&#8220; align=&#8220;center&#8220; _builder_version=&#8220;3.0.47&#8243;]<br \/>\n[\/et_pb_image][et_pb_text text_orientation=&#8220;center&#8220; _builder_version=&#8220;3.0.71&#8243; background_size=&#8220;initial&#8220; background_position=&#8220;top_left&#8220; background_repeat=&#8220;repeat&#8220;]<\/p>\n<h3 style=\"text-align: center;\">Ver\u00e4ndern Sie die Raumgestaltung nach Bedarf schnell und einfach.<\/h3>\n<p style=\"text-align: center;\">Die 3.4.5. Tische passen sich allen Lernsituationen an und f\u00f6rdern intensive Interaktion zwischen einzelnen Teilnehmern und in Kleingruppen.<\/p>\n<p>[\/et_pb_text][et_pb_image src=&#8220;https:\/\/www.program345.com\/wp-content\/uploads\/2017\/04\/modular-table-for-open-space.jpg&#8220; animation=&#8220;right&#8220; align=&#8220;center&#8220; _builder_version=&#8220;3.0.71&#8243;]<br \/>\n[\/et_pb_image][\/et_pb_column][\/et_pb_row][et_pb_row _builder_version=&#8220;3.0.47&#8243; background_size=&#8220;initial&#8220; background_position=&#8220;top_left&#8220; background_repeat=&#8220;repeat&#8220;][et_pb_column type=&#8220;1_3&#8243;][et_pb_image src=&#8220;https:\/\/www.program345.com\/wp-content\/uploads\/2017\/04\/eco-design-professional-table.jpg&#8220; _builder_version=&#8220;3.0.71&#8243;]<br \/>\n[\/et_pb_image][\/et_pb_column][et_pb_column type=&#8220;1_3&#8243;][et_pb_image src=&#8220;https:\/\/www.program345.com\/wp-content\/uploads\/2017\/04\/modular-and-design-furniture.jpg&#8220; animation=&#8220;top&#8220; _builder_version=&#8220;3.0.71&#8243;]<br \/>\n[\/et_pb_image][\/et_pb_column][et_pb_column type=&#8220;1_3&#8243;][et_pb_image src=&#8220;https:\/\/www.program345.com\/wp-content\/uploads\/2017\/04\/dynamic-way-of-working.jpg&#8220; animation=&#8220;right&#8220; _builder_version=&#8220;3.0.71&#8243;]<br \/>\n[\/et_pb_image][\/et_pb_column][\/et_pb_row][\/et_pb_section][et_pb_section bb_built=&#8220;1&#8243; background_color=&#8220;#4c4c4c&#8220; module_id=&#8220;next&#8220; _builder_version=&#8220;3.0.47&#8243;][et_pb_row _builder_version=&#8220;3.0.47&#8243; background_size=&#8220;initial&#8220; background_position=&#8220;top_left&#8220; background_repeat=&#8220;repeat&#8220;][et_pb_column type=&#8220;4_4&#8243;][et_pb_video src=&#8220;https:\/\/www.program345.com\/wp-content\/uploads\/2017\/04\/Program-345-bg-vid.m4v&#8220; _builder_version=&#8220;3.0.47&#8243;]<br \/>\n[\/et_pb_video][\/et_pb_column][\/et_pb_row][\/et_pb_section][et_pb_section bb_built=&#8220;1&#8243; _builder_version=&#8220;3.0.47&#8243;][et_pb_row _builder_version=&#8220;3.0.47&#8243; background_size=&#8220;initial&#8220; background_position=&#8220;top_left&#8220; background_repeat=&#8220;repeat&#8220;][et_pb_column type=&#8220;1_2&#8243;][et_pb_image src=&#8220;https:\/\/www.program345.com\/wp-content\/uploads\/2017\/04\/modular-tables.jpg&#8220; align=&#8220;center&#8220; _builder_version=&#8220;3.0.71&#8243;]<br \/>\n[\/et_pb_image][\/et_pb_column][et_pb_column type=&#8220;1_2&#8243;][et_pb_divider height=&#8220;100&#8243; _builder_version=&#8220;3.0.47&#8243;]<br \/>\n[\/et_pb_divider][et_pb_text _builder_version=&#8220;3.0.71&#8243; background_size=&#8220;initial&#8220; background_position=&#8220;top_left&#8220; background_repeat=&#8220;repeat&#8220;]<\/p>\n<h2>Modular<\/h2>\n<p>Die besondere Form der Tischplatte bietet verschiedene Kombinationsm\u00f6glichkeiten:<br \/>\nDie 3.4.5. Tische k\u00f6nnen in einer Reihe aufgestellt werden oder zu Tischgruppen von 3, 4 oder 5 (oder mehr) Tischen zusammengestellt werden. Die einheitlichen Gruppen passen sich so flexibel der Lehrmethode an.<\/p>\n<p>[\/et_pb_text][\/et_pb_column][\/et_pb_row][et_pb_row _builder_version=&#8220;3.0.47&#8243; background_size=&#8220;initial&#8220; background_position=&#8220;top_left&#8220; background_repeat=&#8220;repeat&#8220;][et_pb_column type=&#8220;1_2&#8243;][et_pb_divider height=&#8220;50&#8243; _builder_version=&#8220;3.0.47&#8243;]<br \/>\n[\/et_pb_divider][et_pb_text text_orientation=&#8220;right&#8220; _builder_version=&#8220;3.0.71&#8243; background_size=&#8220;initial&#8220; background_position=&#8220;top_left&#8220; background_repeat=&#8220;repeat&#8220;]<\/p>\n<h2 style=\"text-align: right;\">Nachhaltiges Design<\/h2>\n<p style=\"text-align: right;\">Die nachhaltig designten Tische werden in Frankreich im Einklang mit dem NF EN1729 \u2013 1&amp;2-Standard hergestellt.<br \/>\nDesign by C+B Lefebvre<\/p>\n<p>[\/et_pb_text][\/et_pb_column][et_pb_column type=&#8220;1_2&#8243;][et_pb_image src=&#8220;https:\/\/www.program345.com\/wp-content\/uploads\/2017\/04\/eco-design-modular-table.jpg&#8220; animation=&#8220;right&#8220; align=&#8220;center&#8220; _builder_version=&#8220;3.0.71&#8243;]<br \/>\n[\/et_pb_image][\/et_pb_column][\/et_pb_row][et_pb_row _builder_version=&#8220;3.0.47&#8243; background_size=&#8220;initial&#8220; background_position=&#8220;top_left&#8220; background_repeat=&#8220;repeat&#8220;][et_pb_column type=&#8220;1_2&#8243;][et_pb_image src=&#8220;https:\/\/www.program345.com\/wp-content\/uploads\/2017\/04\/adaptable-professional-table.jpg&#8220; align=&#8220;center&#8220; _builder_version=&#8220;3.0.71&#8243;]<br \/>\n[\/et_pb_image][\/et_pb_column][et_pb_column type=&#8220;1_2&#8243;][et_pb_divider height=&#8220;50&#8243; _builder_version=&#8220;3.0.47&#8243;]<br \/>\n[\/et_pb_divider][et_pb_text _builder_version=&#8220;3.0.71&#8243; background_size=&#8220;initial&#8220; background_position=&#8220;top_left&#8220; background_repeat=&#8220;repeat&#8220;]<\/p>\n<h2>Anpassbar<\/h2>\n<p>Gestalten Sie den Klassenraum oder Lernort genau nach ihren Lehrbed\u00fcrfnissen. Die Markierungen auf der Tischplatte helfen dabei, die gew\u00fcnschten Kombinationen schnell und einfach herzustellen.<\/p>\n<p><em>\u00a0<\/em><\/p>\n<p>[\/et_pb_text][\/et_pb_column][\/et_pb_row][\/et_pb_section][et_pb_section bb_built=&#8220;1&#8243; _builder_version=&#8220;3.0.47&#8243;][et_pb_row _builder_version=&#8220;3.0.47&#8243; background_size=&#8220;initial&#8220; background_position=&#8220;top_left&#8220; background_repeat=&#8220;repeat&#8220;][et_pb_column type=&#8220;4_4&#8243;][et_pb_text text_orientation=&#8220;right&#8220; _builder_version=&#8220;3.0.71&#8243; background_size=&#8220;initial&#8220; background_position=&#8220;top_left&#8220; background_repeat=&#8220;repeat&#8220;]<\/p>\n<h2 style=\"text-align: center;\">Viele unterschiedliche Kombinationen<\/h2>\n<p>[\/et_pb_text][et_pb_gallery gallery_ids=&#8220;2041,2038,2035,2032,2029,2026,2023,2020,2017&#8243; gallery_orderby=&#8220;rand&#8220; gallery_captions=&#8220;,,,,,,,,&#8220; posts_number=&#8220;8&#8243; show_title_and_caption=&#8220;off&#8220; show_pagination=&#8220;off&#8220; _builder_version=&#8220;3.0.71&#8243; global_module=&#8220;2053&#8243; saved_tabs=&#8220;all&#8220;]<\/p>\n<p>[\/et_pb_gallery][et_pb_text text_orientation=&#8220;right&#8220; disabled_on=&#8220;on|on|on&#8220; _builder_version=&#8220;3.0.47&#8243; background_size=&#8220;initial&#8220; background_position=&#8220;top_left&#8220; background_repeat=&#8220;repeat&#8220; disabled=&#8220;on&#8220;]<\/p>\n<p style=\"text-align: center;\">This innovative school furniture with its ground-breaking design is available in different sizes, depending on the age of the students:<br \/>\n<strong>nursery, primary, secondary school, college, university.<\/strong><\/p>\n<p style=\"text-align: center;\"><strong>Broad range of colours<\/strong><\/p>\n<p>[\/et_pb_text][\/et_pb_column][\/et_pb_row][\/et_pb_section][et_pb_section bb_built=&#8220;1&#8243; admin_label=&#8220;section&#8220; _builder_version=&#8220;3.0.47&#8243; background_image=&#8220;https:\/\/www.program345.com\/wp-content\/uploads\/2017\/03\/Program-345-bg.png&#8220; parallax=&#8220;on&#8220;][et_pb_row admin_label=&#8220;row&#8220; _builder_version=&#8220;3.0.47&#8243; background_size=&#8220;initial&#8220; background_position=&#8220;top_left&#8220; background_repeat=&#8220;repeat&#8220;][et_pb_column type=&#8220;1_4&#8243;][\/et_pb_column][et_pb_column type=&#8220;1_2&#8243;][et_pb_team_member admin_label=&#8220;Team Member&#8220; name=&#8220;Bruno Lefebvre &#8220; position=&#8220;Designer&#8220; image_url=&#8220;https:\/\/www.program345.com\/wp-content\/uploads\/2017\/04\/Catherine-et-Bruno-Agence-de-design-CB-Lefebvre.jpg&#8220; animation=&#8220;fade_in&#8220; _builder_version=&#8220;3.0.71&#8243; background_color=&#8220;#ffffff&#8220; background_size=&#8220;initial&#8220; background_position=&#8220;top_left&#8220; background_repeat=&#8220;repeat&#8220; custom_padding=&#8220;25px|25px|25px|25px&#8220; custom_padding_last_edited=&#8220;on|desktop&#8220;]<\/p>\n<h3 style=\"text-align: left;\">Kommentar des Designers<\/h3>\n<p style=\"text-align: left;\">&#8222;Ich bin dieses Projekt ohne eine bestimmte Vorstellung angegangen. Der Gebrauch der Agile Design\u00ae-Methode erm\u00f6glichte mit etwa einem Dutzend Nutzern zu brainstormen, die alle auf verschiedene Weisen im Lehrberuf verankert sind. Die entstandenen Konzepte wurden von ihnen dann in realen Lehrsituationen und ihren Wandlungsbed\u00fcrfnissen dem Praxistest ausgesetzt.<\/p>\n<p style=\"text-align: left;\">Das Projekt hat sich somit nat\u00fcrlich entwickelt und ist in dieser neuen Form entstanden, die es erm\u00f6glicht, das Klassenraum zu strukturieren und wieder zu destrukturieren.<\/p>\n<p style=\"text-align: left;\">Das Ergebnis ist nicht eine, sonder eine Vielzahl von L\u00f6sungen. Es ist kein statischer Vorschlag, sondern ein System, das von den Sch\u00fclern und Lehrenden unendlich und dynamisch angepasst werden kann. Es vereint alle wichtigen Faktoren, die wir w\u00e4hrend des ersten Jahres beobachten, erfahren und ausprobieren konnten.&#8220;<\/p>\n<p>[\/et_pb_team_member][\/et_pb_column][et_pb_column type=&#8220;1_4&#8243;][\/et_pb_column][\/et_pb_row][\/et_pb_section]<\/p>\n","protected":false},"excerpt":{"rendered":"<p>Das Programm 3.4.5. ist ein modulares System von Tischen, die beliebig zu verschiedenen einheitlichen Kombinationen zusammengestellt werden k\u00f6nnen. Designt f\u00fcr Meeting- Schulungs- und Seminarr\u00e4ume Ver\u00e4ndern Sie die Raumgestaltung nach Bedarf schnell und einfach. Die 3.4.5. Tische passen sich allen Lernsituationen an und f\u00f6rdern intensive Interaktion zwischen einzelnen Teilnehmern und in Kleingruppen. Modular Die besondere Form [&hellip;]<\/p>\n","protected":false},"author":1,"featured_media":1151,"parent":823,"menu_order":0,"comment_status":"closed","ping_status":"closed","template":"","meta":{"_et_pb_use_builder":"on","_et_pb_old_content":"","_et_gb_content_width":"","footnotes":""},"class_list":["post-828","page","type-page","status-publish","has-post-thumbnail","hentry"],"yoast_head":"<!-- This site is optimized with the Yoast SEO plugin v26.5 - https:\/\/yoast.com\/wordpress\/plugins\/seo\/ -->\n<title>Modulare Konferenzm\u00f6bel mit zukunftsweisendem Design - Produktlinie Office<\/title>\n<meta name=\"description\" content=\"3.4.5. B\u00dcROTISCH Konferenzm\u00f6bel aus modularen Einzeltischen f\u00fcr eine Vielzahl verschiedener Meeting-, Schulungs- und Seminarraum-Layouts - Produktlinie Office\" \/>\n<meta name=\"robots\" content=\"index, follow, max-snippet:-1, max-image-preview:large, max-video-preview:-1\" \/>\n<link rel=\"canonical\" href=\"https:\/\/www.program345.com\/de\/office-furniture\/3-4-5-commercial-table\/\" \/>\n<meta property=\"og:locale\" content=\"de_DE\" \/>\n<meta property=\"og:type\" content=\"article\" \/>\n<meta property=\"og:title\" content=\"Modulare Konferenzm\u00f6bel mit zukunftsweisendem Design - Produktlinie Office\" \/>\n<meta property=\"og:description\" content=\"3.4.5. B\u00dcROTISCH Konferenzm\u00f6bel aus modularen Einzeltischen f\u00fcr eine Vielzahl verschiedener Meeting-, Schulungs- und Seminarraum-Layouts - Produktlinie Office\" \/>\n<meta property=\"og:url\" content=\"https:\/\/www.program345.com\/de\/office-furniture\/3-4-5-commercial-table\/\" \/>\n<meta property=\"og:site_name\" content=\"Program 3.4.5\" \/>\n<meta property=\"article:publisher\" content=\"https:\/\/www.facebook.com\/Lint%c3%a9grale-dAgencement-455587537939465\/\" \/>\n<meta property=\"article:modified_time\" content=\"2018-10-12T13:48:38+00:00\" \/>\n<meta property=\"og:image\" content=\"https:\/\/www.program345.com\/wp-content\/uploads\/2017\/04\/modular-tables.jpg\" \/>\n\t<meta property=\"og:image:width\" content=\"510\" \/>\n\t<meta property=\"og:image:height\" content=\"466\" \/>\n\t<meta property=\"og:image:type\" content=\"image\/jpeg\" \/>\n<meta name=\"twitter:card\" content=\"summary_large_image\" \/>\n<meta name=\"twitter:label1\" content=\"Gesch\u00e4tzte Lesezeit\" \/>\n\t<meta name=\"twitter:data1\" content=\"6\u00a0Minuten\" \/>\n<script type=\"application\/ld+json\" class=\"yoast-schema-graph\">{\"@context\":\"https:\/\/schema.org\",\"@graph\":[{\"@type\":\"WebPage\",\"@id\":\"https:\/\/www.program345.com\/de\/office-furniture\/3-4-5-commercial-table\/\",\"url\":\"https:\/\/www.program345.com\/de\/office-furniture\/3-4-5-commercial-table\/\",\"name\":\"Modulare Konferenzm\u00f6bel mit zukunftsweisendem Design - Produktlinie Office\",\"isPartOf\":{\"@id\":\"https:\/\/www.program345.com\/#website\"},\"primaryImageOfPage\":{\"@id\":\"https:\/\/www.program345.com\/de\/office-furniture\/3-4-5-commercial-table\/#primaryimage\"},\"image\":{\"@id\":\"https:\/\/www.program345.com\/de\/office-furniture\/3-4-5-commercial-table\/#primaryimage\"},\"thumbnailUrl\":\"https:\/\/www.program345.com\/wp-content\/uploads\/2017\/04\/modular-tables.jpg\",\"datePublished\":\"2017-04-21T14:35:30+00:00\",\"dateModified\":\"2018-10-12T13:48:38+00:00\",\"description\":\"3.4.5. B\u00dcROTISCH Konferenzm\u00f6bel aus modularen Einzeltischen f\u00fcr eine Vielzahl verschiedener Meeting-, Schulungs- und Seminarraum-Layouts - Produktlinie Office\",\"breadcrumb\":{\"@id\":\"https:\/\/www.program345.com\/de\/office-furniture\/3-4-5-commercial-table\/#breadcrumb\"},\"inLanguage\":\"de\",\"potentialAction\":[{\"@type\":\"ReadAction\",\"target\":[\"https:\/\/www.program345.com\/de\/office-furniture\/3-4-5-commercial-table\/\"]}]},{\"@type\":\"ImageObject\",\"inLanguage\":\"de\",\"@id\":\"https:\/\/www.program345.com\/de\/office-furniture\/3-4-5-commercial-table\/#primaryimage\",\"url\":\"https:\/\/www.program345.com\/wp-content\/uploads\/2017\/04\/modular-tables.jpg\",\"contentUrl\":\"https:\/\/www.program345.com\/wp-content\/uploads\/2017\/04\/modular-tables.jpg\",\"width\":510,\"height\":466,\"caption\":\"Modulare Tische 3.4.5.\"},{\"@type\":\"BreadcrumbList\",\"@id\":\"https:\/\/www.program345.com\/de\/office-furniture\/3-4-5-commercial-table\/#breadcrumb\",\"itemListElement\":[{\"@type\":\"ListItem\",\"position\":1,\"name\":\"Home\",\"item\":\"https:\/\/www.program345.com\/de\/start\/\"},{\"@type\":\"ListItem\",\"position\":2,\"name\":\"B\u00fcrom\u00f6bel\",\"item\":\"https:\/\/www.program345.com\/de\/office-furniture\/\"},{\"@type\":\"ListItem\",\"position\":3,\"name\":\"B\u00dcROTISCH &#8211; OFFICE\"}]},{\"@type\":\"WebSite\",\"@id\":\"https:\/\/www.program345.com\/#website\",\"url\":\"https:\/\/www.program345.com\/\",\"name\":\"Program 3.4.5\",\"description\":\"Professional furniture 3.4.5 modular and multiple configurations suitable for the school domain as professional\",\"potentialAction\":[{\"@type\":\"SearchAction\",\"target\":{\"@type\":\"EntryPoint\",\"urlTemplate\":\"https:\/\/www.program345.com\/?s={search_term_string}\"},\"query-input\":{\"@type\":\"PropertyValueSpecification\",\"valueRequired\":true,\"valueName\":\"search_term_string\"}}],\"inLanguage\":\"de\"}]}<\/script>\n<!-- \/ Yoast SEO plugin. -->","yoast_head_json":{"title":"Modulare Konferenzm\u00f6bel mit zukunftsweisendem Design - Produktlinie Office","description":"3.4.5. B\u00dcROTISCH Konferenzm\u00f6bel aus modularen Einzeltischen f\u00fcr eine Vielzahl verschiedener Meeting-, Schulungs- und Seminarraum-Layouts - Produktlinie Office","robots":{"index":"index","follow":"follow","max-snippet":"max-snippet:-1","max-image-preview":"max-image-preview:large","max-video-preview":"max-video-preview:-1"},"canonical":"https:\/\/www.program345.com\/de\/office-furniture\/3-4-5-commercial-table\/","og_locale":"de_DE","og_type":"article","og_title":"Modulare Konferenzm\u00f6bel mit zukunftsweisendem Design - Produktlinie Office","og_description":"3.4.5. B\u00dcROTISCH Konferenzm\u00f6bel aus modularen Einzeltischen f\u00fcr eine Vielzahl verschiedener Meeting-, Schulungs- und Seminarraum-Layouts - Produktlinie Office","og_url":"https:\/\/www.program345.com\/de\/office-furniture\/3-4-5-commercial-table\/","og_site_name":"Program 3.4.5","article_publisher":"https:\/\/www.facebook.com\/Lint%c3%a9grale-dAgencement-455587537939465\/","article_modified_time":"2018-10-12T13:48:38+00:00","og_image":[{"width":510,"height":466,"url":"https:\/\/www.program345.com\/wp-content\/uploads\/2017\/04\/modular-tables.jpg","type":"image\/jpeg"}],"twitter_card":"summary_large_image","twitter_misc":{"Gesch\u00e4tzte Lesezeit":"6\u00a0Minuten"},"schema":{"@context":"https:\/\/schema.org","@graph":[{"@type":"WebPage","@id":"https:\/\/www.program345.com\/de\/office-furniture\/3-4-5-commercial-table\/","url":"https:\/\/www.program345.com\/de\/office-furniture\/3-4-5-commercial-table\/","name":"Modulare Konferenzm\u00f6bel mit zukunftsweisendem Design - Produktlinie Office","isPartOf":{"@id":"https:\/\/www.program345.com\/#website"},"primaryImageOfPage":{"@id":"https:\/\/www.program345.com\/de\/office-furniture\/3-4-5-commercial-table\/#primaryimage"},"image":{"@id":"https:\/\/www.program345.com\/de\/office-furniture\/3-4-5-commercial-table\/#primaryimage"},"thumbnailUrl":"https:\/\/www.program345.com\/wp-content\/uploads\/2017\/04\/modular-tables.jpg","datePublished":"2017-04-21T14:35:30+00:00","dateModified":"2018-10-12T13:48:38+00:00","description":"3.4.5. B\u00dcROTISCH Konferenzm\u00f6bel aus modularen Einzeltischen f\u00fcr eine Vielzahl verschiedener Meeting-, Schulungs- und Seminarraum-Layouts - Produktlinie Office","breadcrumb":{"@id":"https:\/\/www.program345.com\/de\/office-furniture\/3-4-5-commercial-table\/#breadcrumb"},"inLanguage":"de","potentialAction":[{"@type":"ReadAction","target":["https:\/\/www.program345.com\/de\/office-furniture\/3-4-5-commercial-table\/"]}]},{"@type":"ImageObject","inLanguage":"de","@id":"https:\/\/www.program345.com\/de\/office-furniture\/3-4-5-commercial-table\/#primaryimage","url":"https:\/\/www.program345.com\/wp-content\/uploads\/2017\/04\/modular-tables.jpg","contentUrl":"https:\/\/www.program345.com\/wp-content\/uploads\/2017\/04\/modular-tables.jpg","width":510,"height":466,"caption":"Modulare Tische 3.4.5."},{"@type":"BreadcrumbList","@id":"https:\/\/www.program345.com\/de\/office-furniture\/3-4-5-commercial-table\/#breadcrumb","itemListElement":[{"@type":"ListItem","position":1,"name":"Home","item":"https:\/\/www.program345.com\/de\/start\/"},{"@type":"ListItem","position":2,"name":"B\u00fcrom\u00f6bel","item":"https:\/\/www.program345.com\/de\/office-furniture\/"},{"@type":"ListItem","position":3,"name":"B\u00dcROTISCH &#8211; OFFICE"}]},{"@type":"WebSite","@id":"https:\/\/www.program345.com\/#website","url":"https:\/\/www.program345.com\/","name":"Program 3.4.5","description":"Professional furniture 3.4.5 modular and multiple configurations suitable for the school domain as professional","potentialAction":[{"@type":"SearchAction","target":{"@type":"EntryPoint","urlTemplate":"https:\/\/www.program345.com\/?s={search_term_string}"},"query-input":{"@type":"PropertyValueSpecification","valueRequired":true,"valueName":"search_term_string"}}],"inLanguage":"de"}]}},"_links":{"self":[{"href":"https:\/\/www.program345.com\/de\/wp-json\/wp\/v2\/pages\/828","targetHints":{"allow":["GET"]}}],"collection":[{"href":"https:\/\/www.program345.com\/de\/wp-json\/wp\/v2\/pages"}],"about":[{"href":"https:\/\/www.program345.com\/de\/wp-json\/wp\/v2\/types\/page"}],"author":[{"embeddable":true,"href":"https:\/\/www.program345.com\/de\/wp-json\/wp\/v2\/users\/1"}],"replies":[{"embeddable":true,"href":"https:\/\/www.program345.com\/de\/wp-json\/wp\/v2\/comments?post=828"}],"version-history":[{"count":6,"href":"https:\/\/www.program345.com\/de\/wp-json\/wp\/v2\/pages\/828\/revisions"}],"predecessor-version":[{"id":2063,"href":"https:\/\/www.program345.com\/de\/wp-json\/wp\/v2\/pages\/828\/revisions\/2063"}],"up":[{"embeddable":true,"href":"https:\/\/www.program345.com\/de\/wp-json\/wp\/v2\/pages\/823"}],"wp:featuredmedia":[{"embeddable":true,"href":"https:\/\/www.program345.com\/de\/wp-json\/wp\/v2\/media\/1151"}],"wp:attachment":[{"href":"https:\/\/www.program345.com\/de\/wp-json\/wp\/v2\/media?parent=828"}],"curies":[{"name":"wp","href":"https:\/\/api.w.org\/{rel}","templated":true}]}}