{"id":858,"date":"2017-04-21T10:11:26","date_gmt":"2017-04-21T08:11:26","guid":{"rendered":"https:\/\/www.program345.com\/blog\/"},"modified":"2018-05-16T12:59:53","modified_gmt":"2018-05-16T10:59:53","slug":"blog","status":"publish","type":"page","link":"https:\/\/www.program345.com\/de\/blog\/","title":{"rendered":"Blog"},"content":{"rendered":"<p>[et_pb_section bb_built=&#8220;1&#8243; admin_label=&#8220;section&#8220; fullwidth=&#8220;on&#8220; specialty=&#8220;off&#8220; background_color=&#8220;#e83966&#8243; inner_shadow=&#8220;on&#8220; parallax=&#8220;off&#8220; transparent_background=&#8220;off&#8220; allow_player_pause=&#8220;off&#8220; parallax_method=&#8220;on&#8220; make_fullwidth=&#8220;off&#8220; use_custom_width=&#8220;off&#8220; width_unit=&#8220;on&#8220; make_equal=&#8220;off&#8220; use_custom_gutter=&#8220;off&#8220;][et_pb_fullwidth_header title=&#8220;Willkommen auf unserem Blog zum Programm 3.4.5.&#8220; subhead=&#8220;Finden Sie hier alle Neuigkeiten und Neuheiten, sowie unsere Entdeckungen aus den Bereichen Lehre, Klassenraum- und Arbeitsplatzgestaltung.&#8220; background_layout=&#8220;dark&#8220; text_orientation=&#8220;left&#8220; header_fullscreen=&#8220;off&#8220; header_scroll_down=&#8220;off&#8220; content_orientation=&#8220;center&#8220; image_orientation=&#8220;center&#8220; custom_button_one=&#8220;off&#8220; button_one_letter_spacing=&#8220;0&#8243; button_one_icon_placement=&#8220;right&#8220; button_one_letter_spacing_hover=&#8220;0&#8243; custom_button_two=&#8220;off&#8220; button_two_letter_spacing=&#8220;0&#8243; button_two_icon_placement=&#8220;right&#8220; button_two_letter_spacing_hover=&#8220;0&#8243; _builder_version=&#8220;3.0.71&#8243; \/][\/et_pb_section][et_pb_section bb_built=&#8220;1&#8243; admin_label=&#8220;section&#8220; fullwidth=&#8220;off&#8220; specialty=&#8220;off&#8220; background_color=&#8220;#f7f7f7&#8243; inner_shadow=&#8220;off&#8220; parallax=&#8220;off&#8220; background_image=&#8220;https:\/\/www.program345.com\/wp-content\/uploads\/2017\/03\/Program-345-bg.png&#8220; transparent_background=&#8220;off&#8220; allow_player_pause=&#8220;off&#8220; parallax_method=&#8220;on&#8220; make_fullwidth=&#8220;off&#8220; use_custom_width=&#8220;off&#8220; width_unit=&#8220;on&#8220; make_equal=&#8220;off&#8220; use_custom_gutter=&#8220;off&#8220;][et_pb_row admin_label=&#8220;row&#8220; background_position=&#8220;top_left&#8220; background_repeat=&#8220;repeat&#8220; background_size=&#8220;initial&#8220;][et_pb_column type=&#8220;4_4&#8243;][et_pb_blog fullwidth=&#8220;off&#8220; posts_number=&#8220;18&#8243; show_thumbnail=&#8220;on&#8220; show_content=&#8220;off&#8220; show_author=&#8220;off&#8220; show_date=&#8220;on&#8220; show_categories=&#8220;on&#8220; show_pagination=&#8220;on&#8220; background_layout=&#8220;light&#8220; show_more=&#8220;off&#8220; show_comments=&#8220;on&#8220; offset_number=&#8220;0&#8243; use_overlay=&#8220;off&#8220; use_dropshadow=&#8220;off&#8220; use_border_color=&#8220;off&#8220; border_color=&#8220;#ffffff&#8220; border_style=&#8220;solid&#8220; _builder_version=&#8220;3.0.71&#8243; \/][\/et_pb_column][\/et_pb_row][\/et_pb_section][et_pb_section bb_built=&#8220;1&#8243; fullwidth=&#8220;off&#8220; specialty=&#8220;off&#8220;][et_pb_row admin_label=&#8220;Ligne&#8220; background_position=&#8220;top_left&#8220; background_repeat=&#8220;repeat&#8220; background_size=&#8220;initial&#8220;][et_pb_column type=&#8220;4_4&#8243;][et_pb_text admin_label=&#8220;Texte&#8220; background_layout=&#8220;light&#8220; text_orientation=&#8220;left&#8220; border_style=&#8220;solid&#8220; background_position=&#8220;top_left&#8220; background_repeat=&#8220;repeat&#8220; background_size=&#8220;initial&#8220; _builder_version=&#8220;3.0.71&#8243;]<\/p>\n<h3>Ziel dieses Blogs ist es, Sie regelm\u00e4\u00dfig \u00fcber die neusten Entwicklung und Innovationen in der Gestaltung und Ausstattung von Klassenr\u00e4umen und anderen Gruppenarbeitsr\u00e4umen wie Meeting-, Schulungs- und Seminarr\u00e4umen zu informieren.<\/h3>\n<p>Hier stellen wir verschiedene Lehrmethoden vor, zeigen internationale Unterschiede auf und lassen uns von anderen Lernkulturen inspirieren.<\/p>\n<p>Unsere Absicht ist zu zeigen, wie dynamische Arbeitsr\u00e4ume und Gruppenarbeit die Konzentration und Leistungsf\u00e4higkeit von Sch\u00fclern und Angestellten verbessern.<\/p>\n<p>Wir halten Sie auch auf dem Laufenden \u00fcber alle Neuheiten in unserem Programm 3.4.5., der innovativen Schul- und B\u00fcrom\u00f6bellinie mit zukunftsweisendem Design!<\/p>\n<p>[\/et_pb_text][et_pb_social_media_follow admin_label=&#8220;Follow us&#8220; link_shape=&#8220;rounded_rectangle&#8220; background_layout=&#8220;light&#8220; url_new_window=&#8220;off&#8220; follow_button=&#8220;on&#8220; _builder_version=&#8220;3.0.71&#8243;]<\/p>\n<p>[et_pb_social_media_follow_network social_network=&#8220;facebook&#8220; url=&#8220;https:\/\/www.facebook.com\/Lint%C3%A9grale-dAgencement-455587537939465\/&#8220; skype_action=&#8220;call&#8220; bg_color=&#8220;#3b5998&#8243;] Facebook [\/et_pb_social_media_follow_network][et_pb_social_media_follow_network social_network=&#8220;twitter&#8220; url=&#8220;#&#8220; skype_action=&#8220;call&#8220; bg_color=&#8220;#00aced&#8220;] Twitter [\/et_pb_social_media_follow_network][et_pb_social_media_follow_network social_network=&#8220;google-plus&#8220; skype_action=&#8220;call&#8220; bg_color=&#8220;#dd4b39&#8243;] Google+ [\/et_pb_social_media_follow_network][et_pb_social_media_follow_network social_network=&#8220;pinterest&#8220; url=&#8220;https:\/\/fr.pinterest.com\/iafrance\/&#8220; skype_action=&#8220;call&#8220; bg_color=&#8220;#cb2027&#8243;] Pinterest [\/et_pb_social_media_follow_network][et_pb_social_media_follow_network social_network=&#8220;youtube&#8220; url=&#8220;https:\/\/www.youtube.com\/channel\/UCiP8xcW0DUcQ_7aKodUklqw\/&#8220; skype_action=&#8220;call&#8220; bg_color=&#8220;#a82400&#8243;] Youtube [\/et_pb_social_media_follow_network]<\/p>\n<p>[\/et_pb_social_media_follow][\/et_pb_column][\/et_pb_row][\/et_pb_section]<\/p>\n","protected":false},"excerpt":{"rendered":"<p>Ziel dieses Blogs ist es, Sie regelm\u00e4\u00dfig \u00fcber die neusten Entwicklung und Innovationen in der Gestaltung und Ausstattung von Klassenr\u00e4umen und anderen Gruppenarbeitsr\u00e4umen wie Meeting-, Schulungs- und Seminarr\u00e4umen zu informieren. Hier stellen wir verschiedene Lehrmethoden vor, zeigen internationale Unterschiede auf und lassen uns von anderen Lernkulturen inspirieren. Unsere Absicht ist zu zeigen, wie dynamische Arbeitsr\u00e4ume [&hellip;]<\/p>\n","protected":false},"author":1,"featured_media":921,"parent":0,"menu_order":0,"comment_status":"closed","ping_status":"closed","template":"","meta":{"_et_pb_use_builder":"on","_et_pb_old_content":"","_et_gb_content_width":"","footnotes":""},"class_list":["post-858","page","type-page","status-publish","has-post-thumbnail","hentry"],"yoast_head":"<!-- This site is optimized with the Yoast SEO plugin v26.5 - https:\/\/yoast.com\/wordpress\/plugins\/seo\/ -->\n<title>Der Blog rund um das Programm 3.4.5. im Schul- und ArbeitsumfeldBlog dedicated to the 3.4.5. Program, in the school and commercial environment<\/title>\n<meta name=\"description\" content=\"Verfolgen Sie die Neuigkeiten und unsere neusten Entdeckungen in den Bereichen Lehre, Klassenraum- und B\u00fcrogestaltung.\" \/>\n<meta name=\"robots\" content=\"index, follow, max-snippet:-1, max-image-preview:large, max-video-preview:-1\" \/>\n<link rel=\"canonical\" href=\"https:\/\/www.program345.com\/de\/blog\/\" \/>\n<meta property=\"og:locale\" content=\"de_DE\" \/>\n<meta property=\"og:type\" content=\"article\" \/>\n<meta property=\"og:title\" content=\"Der Blog rund um das Programm 3.4.5. im Schul- und ArbeitsumfeldBlog dedicated to the 3.4.5. Program, in the school and commercial environment\" \/>\n<meta property=\"og:description\" content=\"Verfolgen Sie die Neuigkeiten und unsere neusten Entdeckungen in den Bereichen Lehre, Klassenraum- und B\u00fcrogestaltung.\" \/>\n<meta property=\"og:url\" content=\"https:\/\/www.program345.com\/de\/blog\/\" \/>\n<meta property=\"og:site_name\" content=\"Program 3.4.5\" \/>\n<meta property=\"article:publisher\" content=\"https:\/\/www.facebook.com\/Lint%c3%a9grale-dAgencement-455587537939465\/\" \/>\n<meta property=\"article:modified_time\" content=\"2018-05-16T10:59:53+00:00\" \/>\n<meta property=\"og:image\" content=\"https:\/\/www.program345.com\/wp-content\/uploads\/2017\/04\/Program-345-institutional-and-office-furniture-12.jpg\" \/>\n\t<meta property=\"og:image:width\" content=\"1024\" \/>\n\t<meta property=\"og:image:height\" content=\"768\" \/>\n\t<meta property=\"og:image:type\" content=\"image\/jpeg\" \/>\n<meta name=\"twitter:card\" content=\"summary_large_image\" \/>\n<meta name=\"twitter:label1\" content=\"Gesch\u00e4tzte Lesezeit\" \/>\n\t<meta name=\"twitter:data1\" content=\"3\u00a0Minuten\" \/>\n<script type=\"application\/ld+json\" class=\"yoast-schema-graph\">{\"@context\":\"https:\/\/schema.org\",\"@graph\":[{\"@type\":\"WebPage\",\"@id\":\"https:\/\/www.program345.com\/de\/blog\/\",\"url\":\"https:\/\/www.program345.com\/de\/blog\/\",\"name\":\"Der Blog rund um das Programm 3.4.5. im Schul- und ArbeitsumfeldBlog dedicated to the 3.4.5. Program, in the school and commercial environment\",\"isPartOf\":{\"@id\":\"https:\/\/www.program345.com\/#website\"},\"primaryImageOfPage\":{\"@id\":\"https:\/\/www.program345.com\/de\/blog\/#primaryimage\"},\"image\":{\"@id\":\"https:\/\/www.program345.com\/de\/blog\/#primaryimage\"},\"thumbnailUrl\":\"https:\/\/www.program345.com\/wp-content\/uploads\/2017\/04\/Program-345-institutional-and-office-furniture-12.jpg\",\"datePublished\":\"2017-04-21T08:11:26+00:00\",\"dateModified\":\"2018-05-16T10:59:53+00:00\",\"description\":\"Verfolgen Sie die Neuigkeiten und unsere neusten Entdeckungen in den Bereichen Lehre, Klassenraum- und B\u00fcrogestaltung.\",\"breadcrumb\":{\"@id\":\"https:\/\/www.program345.com\/de\/blog\/#breadcrumb\"},\"inLanguage\":\"de\",\"potentialAction\":[{\"@type\":\"ReadAction\",\"target\":[\"https:\/\/www.program345.com\/de\/blog\/\"]}]},{\"@type\":\"ImageObject\",\"inLanguage\":\"de\",\"@id\":\"https:\/\/www.program345.com\/de\/blog\/#primaryimage\",\"url\":\"https:\/\/www.program345.com\/wp-content\/uploads\/2017\/04\/Program-345-institutional-and-office-furniture-12.jpg\",\"contentUrl\":\"https:\/\/www.program345.com\/wp-content\/uploads\/2017\/04\/Program-345-institutional-and-office-furniture-12.jpg\",\"width\":1024,\"height\":768,\"caption\":\"3.4.5. commercial furniture, for a new vision of your office, meeting, training and seminar environments, etc.\"},{\"@type\":\"BreadcrumbList\",\"@id\":\"https:\/\/www.program345.com\/de\/blog\/#breadcrumb\",\"itemListElement\":[{\"@type\":\"ListItem\",\"position\":1,\"name\":\"Home\",\"item\":\"https:\/\/www.program345.com\/de\/start\/\"},{\"@type\":\"ListItem\",\"position\":2,\"name\":\"Blog\"}]},{\"@type\":\"WebSite\",\"@id\":\"https:\/\/www.program345.com\/#website\",\"url\":\"https:\/\/www.program345.com\/\",\"name\":\"Program 3.4.5\",\"description\":\"Professional furniture 3.4.5 modular and multiple configurations suitable for the school domain as professional\",\"potentialAction\":[{\"@type\":\"SearchAction\",\"target\":{\"@type\":\"EntryPoint\",\"urlTemplate\":\"https:\/\/www.program345.com\/?s={search_term_string}\"},\"query-input\":{\"@type\":\"PropertyValueSpecification\",\"valueRequired\":true,\"valueName\":\"search_term_string\"}}],\"inLanguage\":\"de\"}]}<\/script>\n<!-- \/ Yoast SEO plugin. -->","yoast_head_json":{"title":"Der Blog rund um das Programm 3.4.5. im Schul- und ArbeitsumfeldBlog dedicated to the 3.4.5. Program, in the school and commercial environment","description":"Verfolgen Sie die Neuigkeiten und unsere neusten Entdeckungen in den Bereichen Lehre, Klassenraum- und B\u00fcrogestaltung.","robots":{"index":"index","follow":"follow","max-snippet":"max-snippet:-1","max-image-preview":"max-image-preview:large","max-video-preview":"max-video-preview:-1"},"canonical":"https:\/\/www.program345.com\/de\/blog\/","og_locale":"de_DE","og_type":"article","og_title":"Der Blog rund um das Programm 3.4.5. im Schul- und ArbeitsumfeldBlog dedicated to the 3.4.5. Program, in the school and commercial environment","og_description":"Verfolgen Sie die Neuigkeiten und unsere neusten Entdeckungen in den Bereichen Lehre, Klassenraum- und B\u00fcrogestaltung.","og_url":"https:\/\/www.program345.com\/de\/blog\/","og_site_name":"Program 3.4.5","article_publisher":"https:\/\/www.facebook.com\/Lint%c3%a9grale-dAgencement-455587537939465\/","article_modified_time":"2018-05-16T10:59:53+00:00","og_image":[{"width":1024,"height":768,"url":"https:\/\/www.program345.com\/wp-content\/uploads\/2017\/04\/Program-345-institutional-and-office-furniture-12.jpg","type":"image\/jpeg"}],"twitter_card":"summary_large_image","twitter_misc":{"Gesch\u00e4tzte Lesezeit":"3\u00a0Minuten"},"schema":{"@context":"https:\/\/schema.org","@graph":[{"@type":"WebPage","@id":"https:\/\/www.program345.com\/de\/blog\/","url":"https:\/\/www.program345.com\/de\/blog\/","name":"Der Blog rund um das Programm 3.4.5. im Schul- und ArbeitsumfeldBlog dedicated to the 3.4.5. Program, in the school and commercial environment","isPartOf":{"@id":"https:\/\/www.program345.com\/#website"},"primaryImageOfPage":{"@id":"https:\/\/www.program345.com\/de\/blog\/#primaryimage"},"image":{"@id":"https:\/\/www.program345.com\/de\/blog\/#primaryimage"},"thumbnailUrl":"https:\/\/www.program345.com\/wp-content\/uploads\/2017\/04\/Program-345-institutional-and-office-furniture-12.jpg","datePublished":"2017-04-21T08:11:26+00:00","dateModified":"2018-05-16T10:59:53+00:00","description":"Verfolgen Sie die Neuigkeiten und unsere neusten Entdeckungen in den Bereichen Lehre, Klassenraum- und B\u00fcrogestaltung.","breadcrumb":{"@id":"https:\/\/www.program345.com\/de\/blog\/#breadcrumb"},"inLanguage":"de","potentialAction":[{"@type":"ReadAction","target":["https:\/\/www.program345.com\/de\/blog\/"]}]},{"@type":"ImageObject","inLanguage":"de","@id":"https:\/\/www.program345.com\/de\/blog\/#primaryimage","url":"https:\/\/www.program345.com\/wp-content\/uploads\/2017\/04\/Program-345-institutional-and-office-furniture-12.jpg","contentUrl":"https:\/\/www.program345.com\/wp-content\/uploads\/2017\/04\/Program-345-institutional-and-office-furniture-12.jpg","width":1024,"height":768,"caption":"3.4.5. commercial furniture, for a new vision of your office, meeting, training and seminar environments, etc."},{"@type":"BreadcrumbList","@id":"https:\/\/www.program345.com\/de\/blog\/#breadcrumb","itemListElement":[{"@type":"ListItem","position":1,"name":"Home","item":"https:\/\/www.program345.com\/de\/start\/"},{"@type":"ListItem","position":2,"name":"Blog"}]},{"@type":"WebSite","@id":"https:\/\/www.program345.com\/#website","url":"https:\/\/www.program345.com\/","name":"Program 3.4.5","description":"Professional furniture 3.4.5 modular and multiple configurations suitable for the school domain as professional","potentialAction":[{"@type":"SearchAction","target":{"@type":"EntryPoint","urlTemplate":"https:\/\/www.program345.com\/?s={search_term_string}"},"query-input":{"@type":"PropertyValueSpecification","valueRequired":true,"valueName":"search_term_string"}}],"inLanguage":"de"}]}},"_links":{"self":[{"href":"https:\/\/www.program345.com\/de\/wp-json\/wp\/v2\/pages\/858","targetHints":{"allow":["GET"]}}],"collection":[{"href":"https:\/\/www.program345.com\/de\/wp-json\/wp\/v2\/pages"}],"about":[{"href":"https:\/\/www.program345.com\/de\/wp-json\/wp\/v2\/types\/page"}],"author":[{"embeddable":true,"href":"https:\/\/www.program345.com\/de\/wp-json\/wp\/v2\/users\/1"}],"replies":[{"embeddable":true,"href":"https:\/\/www.program345.com\/de\/wp-json\/wp\/v2\/comments?post=858"}],"version-history":[{"count":3,"href":"https:\/\/www.program345.com\/de\/wp-json\/wp\/v2\/pages\/858\/revisions"}],"predecessor-version":[{"id":861,"href":"https:\/\/www.program345.com\/de\/wp-json\/wp\/v2\/pages\/858\/revisions\/861"}],"wp:featuredmedia":[{"embeddable":true,"href":"https:\/\/www.program345.com\/de\/wp-json\/wp\/v2\/media\/921"}],"wp:attachment":[{"href":"https:\/\/www.program345.com\/de\/wp-json\/wp\/v2\/media?parent=858"}],"curies":[{"name":"wp","href":"https:\/\/api.w.org\/{rel}","templated":true}]}}