{"id":55,"date":"2017-04-21T10:13:37","date_gmt":"2017-04-21T08:13:37","guid":{"rendered":"https:\/\/www.program345.com\/?page_id=55"},"modified":"2021-07-05T17:20:09","modified_gmt":"2021-07-05T15:20:09","slug":"where-to-find-our-products","status":"publish","type":"page","link":"https:\/\/www.program345.com\/en\/where-to-find-our-products\/","title":{"rendered":"Find"},"content":{"rendered":"<p>[et_pb_section fb_built=&#8221;1&#8243; fullwidth=&#8221;on&#8221; admin_label=&#8221;section&#8221; _builder_version=&#8221;3.22&#8243; background_color=&#8221;#2ea3f2&#8243; custom_padding=&#8221;0px|0px|0px|0px&#8221;][et_pb_fullwidth_slider admin_label=&#8221;Curseur de d\u00e9filement plein \u00e9cran&#8221; _builder_version=&#8221;3.16&#8243; custom_padding=&#8221;|||&#8221; custom_padding_tablet=&#8221;|||&#8221; custom_padding_phone=&#8221;|||&#8221; box_shadow_style=&#8221;preset6&#8243; box_shadow_blur=&#8221;10px&#8221; box_shadow_color=&#8221;rgba(0,0,0,0.1)&#8221; show_inner_shadow=&#8221;on&#8221; button_text_size__hover_enabled=&#8221;off&#8221; button_one_text_size__hover_enabled=&#8221;off&#8221; button_two_text_size__hover_enabled=&#8221;off&#8221; button_text_color__hover_enabled=&#8221;off&#8221; button_one_text_color__hover_enabled=&#8221;off&#8221; button_two_text_color__hover_enabled=&#8221;off&#8221; button_border_width__hover_enabled=&#8221;off&#8221; button_one_border_width__hover_enabled=&#8221;off&#8221; button_two_border_width__hover_enabled=&#8221;off&#8221; button_border_color__hover_enabled=&#8221;off&#8221; button_one_border_color__hover_enabled=&#8221;off&#8221; button_two_border_color__hover_enabled=&#8221;off&#8221; button_border_radius__hover_enabled=&#8221;off&#8221; button_one_border_radius__hover_enabled=&#8221;off&#8221; button_two_border_radius__hover_enabled=&#8221;off&#8221; button_letter_spacing__hover_enabled=&#8221;off&#8221; button_one_letter_spacing__hover_enabled=&#8221;off&#8221; button_two_letter_spacing__hover_enabled=&#8221;off&#8221; button_bg_color__hover_enabled=&#8221;off&#8221; button_one_bg_color__hover_enabled=&#8221;off&#8221; button_two_bg_color__hover_enabled=&#8221;off&#8221;][et_pb_slide heading=&#8221;Where to find our products ? &#8221; use_bg_overlay=&#8221;on&#8221; bg_overlay_color=&#8221;rgba(0,0,0,0.5)&#8221; use_text_overlay=&#8221;off&#8221; _builder_version=&#8221;3.16&#8243; header_font=&#8221;||||&#8221; body_font=&#8221;||||&#8221; background_color=&#8221;#ffffff&#8221; background_image=&#8221;https:\/\/www.program345.com\/wp-content\/uploads\/2017\/04\/THE-3.4.5.-SCHOOL-TABLEmobilier-scolaire-empilable.png&#8221; button_icon_placement=&#8221;right&#8221; button_on_hover=&#8221;on&#8221; button_text_size__hover_enabled=&#8221;off&#8221; button_one_text_size__hover_enabled=&#8221;off&#8221; button_two_text_size__hover_enabled=&#8221;off&#8221; button_text_color__hover_enabled=&#8221;off&#8221; button_one_text_color__hover_enabled=&#8221;off&#8221; button_two_text_color__hover_enabled=&#8221;off&#8221; button_border_width__hover_enabled=&#8221;off&#8221; button_one_border_width__hover_enabled=&#8221;off&#8221; button_two_border_width__hover_enabled=&#8221;off&#8221; button_border_color__hover_enabled=&#8221;off&#8221; button_one_border_color__hover_enabled=&#8221;off&#8221; button_two_border_color__hover_enabled=&#8221;off&#8221; button_border_radius__hover_enabled=&#8221;off&#8221; button_one_border_radius__hover_enabled=&#8221;off&#8221; button_two_border_radius__hover_enabled=&#8221;off&#8221; button_letter_spacing__hover_enabled=&#8221;off&#8221; button_one_letter_spacing__hover_enabled=&#8221;off&#8221; button_two_letter_spacing__hover_enabled=&#8221;off&#8221; button_bg_color__hover_enabled=&#8221;off&#8221; button_one_bg_color__hover_enabled=&#8221;off&#8221; button_two_bg_color__hover_enabled=&#8221;off&#8221; sticky_transition=&#8221;on&#8221;][\/et_pb_slide][\/et_pb_fullwidth_slider][\/et_pb_section][et_pb_section fb_built=&#8221;1&#8243; admin_label=&#8221;section&#8221; _builder_version=&#8221;3.22&#8243;][et_pb_row admin_label=&#8221;row&#8221; _builder_version=&#8221;3.25&#8243; background_size=&#8221;initial&#8221; background_position=&#8221;top_left&#8221; background_repeat=&#8221;repeat&#8221;][et_pb_column type=&#8221;4_4&#8243; _builder_version=&#8221;3.25&#8243; custom_padding=&#8221;|||&#8221; custom_padding__hover=&#8221;|||&#8221;][et_pb_text admin_label=&#8221;Text&#8221; _builder_version=&#8221;3.27.4&#8243; text_font_size=&#8221;18&#8243; background_size=&#8221;initial&#8221; background_position=&#8221;top_left&#8221; background_repeat=&#8221;repeat&#8221;]<\/p>\n<p style=\"text-align: center;\">Today we manufacture our 3.4.5. school and commercial furniture in France, in state-of-the-art facilities and are keen to offer our concept abroad, especially in Europe.<\/p>\n<p>We also offer a partnership in the form of a manufacturing licence to demanding industrialists driven by a &#8220;Quality&#8221; culture.<\/p>\n<p>[\/et_pb_text][et_pb_image src=&#8221;https:\/\/www.program345.com\/wp-content\/uploads\/2017\/04\/mobilier-professionnel-modulable.jpg&#8221; align_tablet=&#8221;center&#8221; align_phone=&#8221;&#8221; align_last_edited=&#8221;on|desktop&#8221; admin_label=&#8221;Image&#8221; _builder_version=&#8221;3.23&#8243; animation_style=&#8221;slide&#8221; animation_direction=&#8221;left&#8221; animation_duration=&#8221;500ms&#8221; animation_intensity_slide=&#8221;10%&#8221;][\/et_pb_image][\/et_pb_column][\/et_pb_row][\/et_pb_section][et_pb_section fb_built=&#8221;1&#8243; admin_label=&#8221;section&#8221; _builder_version=&#8221;3.22&#8243; locked=&#8221;off&#8221;][et_pb_row admin_label=&#8221;row&#8221; _builder_version=&#8221;3.25&#8243; background_size=&#8221;initial&#8221; background_position=&#8221;top_left&#8221; background_repeat=&#8221;repeat&#8221; custom_padding=&#8221;7px|||||&#8221;][et_pb_column type=&#8221;4_4&#8243; _builder_version=&#8221;3.25&#8243; custom_padding=&#8221;|||&#8221; custom_padding__hover=&#8221;|||&#8221;][et_pb_divider divider_weight=&#8221;5px&#8221; _builder_version=&#8221;4.9.7&#8243; _module_preset=&#8221;default&#8221; max_width=&#8221;26%&#8221; module_alignment=&#8221;center&#8221;][\/et_pb_divider][et_pb_text admin_label=&#8221;Text&#8221; _builder_version=&#8221;4.9.7&#8243; text_font_size=&#8221;18&#8243; background_size=&#8221;initial&#8221; background_position=&#8221;top_left&#8221; background_repeat=&#8221;repeat&#8221; hover_enabled=&#8221;0&#8243; sticky_enabled=&#8221;0&#8243;]<\/p>\n<h2 style=\"text-align: center;\">Our partners \/ resellers<\/h2>\n<p>[\/et_pb_text][\/et_pb_column][\/et_pb_row][et_pb_row column_structure=&#8221;1_3,2_3&#8243; _builder_version=&#8221;4.9.7&#8243; _module_preset=&#8221;default&#8221;][et_pb_column type=&#8221;1_3&#8243; _builder_version=&#8221;4.9.7&#8243; _module_preset=&#8221;default&#8221;][et_pb_image src=&#8221;https:\/\/www.program345.com\/wp-content\/uploads\/2021\/06\/IA-FRANCE-Logo-Web-.png&#8221; title_text=&#8221;IA FRANCE &#8211; Logo- Web&#8221; _builder_version=&#8221;4.9.7&#8243; _module_preset=&#8221;default&#8221; custom_margin=&#8221;-47px|||||&#8221;][\/et_pb_image][\/et_pb_column][et_pb_column type=&#8221;2_3&#8243; _builder_version=&#8221;4.9.7&#8243; _module_preset=&#8221;default&#8221;][et_pb_blurb title=&#8221;France &#038; monde&#8221; content_max_width=&#8221;1100px&#8221; _builder_version=&#8221;4.9.7&#8243; _module_preset=&#8221;default&#8221; header_text_color=&#8221;#E83966&#8243; hover_enabled=&#8221;0&#8243; sticky_enabled=&#8221;0&#8243;]<\/p>\n<p><strong>L\u2019Int\u00e9grale d\u2019Agencement<\/strong><\/p>\n<p>Designer of tailor-made furniture, adaptable to your needs!<\/p>\n<p>Rue Pr\u00e9 Gaut, 73420 Voglans<br \/>Savoie &#8211; France<\/p>\n<p><strong>Tel.<\/strong>\u00a0<a class=\"fl r-iDdHPL4_bg6c\" title=\"Appeler avec Hangouts\" href=\"tel:+334 79 54 56 15\" data-number=\"+33479545615\" data-pstn-out-call-url=\"\" data-rtid=\"iDdHPL4_bg6c\" data-ved=\"2ahUKEwiXubXv8sPkAhVvxYUKHWUWC5UQkAgoADARegQIExAD\">+33(0)4 79 54 56 15<\/a><br \/><strong>Mail : <\/strong><a href=\"mailto:contact@ia-france.fr\" target=\"_blank\" rel=\"noopener noreferrer\">contact@ia-france.fr<\/a><br \/><strong>Web :<\/strong> <a href=\"https:\/\/www.ia-france.fr\/\" target=\"_blank\" rel=\"noopener\">www.ia-france.fr<\/a><\/p>\n<p>[\/et_pb_blurb][\/et_pb_column][\/et_pb_row][et_pb_row column_structure=&#8221;1_3,1_3,1_3&#8243; _builder_version=&#8221;4.9.7&#8243; _module_preset=&#8221;default&#8221;][et_pb_column type=&#8221;1_3&#8243; _builder_version=&#8221;4.9.7&#8243; _module_preset=&#8221;default&#8221;][et_pb_blurb title=&#8221;Su\u00e8de et Norv\u00e8ge&#8221; image=&#8221;https:\/\/www.program345.com\/wp-content\/uploads\/2021\/06\/sonobrands.png&#8221; _builder_version=&#8221;4.9.7&#8243; _module_preset=&#8221;default&#8221; header_text_color=&#8221;#E83966&#8243;]<\/p>\n<h3>Sono Brands AB<\/h3>\n<p>H\u00f6rngatan 5 | Box 196<br \/>S-573 22\u00a0Tran\u00e5s<\/p>\n<p><strong>Tel.<\/strong>\u00a0<a href=\"tel:+46%20140 77 14 00\">+46 140 77 14 00<\/a><br \/><strong>Email :<\/strong>\u00a0<a href=\"mailto:info@sonobrands.se\">info@sonobrands.se<\/a><br \/><strong>Web :<\/strong> <a href=\"https:\/\/www.sonobrands.se\/\" target=\"_blank\" rel=\"noopener\">www.sonobrands.se<\/a><\/p>\n<p>[\/et_pb_blurb][\/et_pb_column][et_pb_column type=&#8221;1_3&#8243; _builder_version=&#8221;4.9.7&#8243; _module_preset=&#8221;default&#8221;][et_pb_blurb title=&#8221;Espagne&#8221; image=&#8221;https:\/\/www.program345.com\/wp-content\/uploads\/2021\/06\/crom-2-logoweb-116591-160425104028.jpg&#8221; image_max_width=&#8221;70%&#8221; _builder_version=&#8221;4.9.7&#8243; _module_preset=&#8221;default&#8221; header_text_color=&#8221;#E83966&#8243; global_colors_info=&#8221;{}&#8221;]<\/p>\n<h3>CROM 2, S.A.<\/h3>\n<p>Ctra. N-II km 454<br \/>Poligon Industrial Galileo C\/B<br \/>25180 &#8211; ALCARR\u00c0S &#8211; SPAIN<\/p>\n<p><strong>Tel.<\/strong> <a href=\"tel:+34%20973 795030\">+34 973 795030<\/a><br \/><strong>Mail<\/strong> : <a href=\"mailto:ventas@crom2.com\">ventas@crom2.com<\/a><br \/><strong>Web :<\/strong> <a href=\"http:\/\/www.crom2.net\/\" target=\"_blank\" rel=\"noopener\">www.crom2.net<\/a><\/p>\n<p>[\/et_pb_blurb][\/et_pb_column][et_pb_column type=&#8221;1_3&#8243; _builder_version=&#8221;4.9.7&#8243; _module_preset=&#8221;default&#8221;][et_pb_blurb title=&#8221;Hongrie, R\u00e9publique Tch\u00e8que, Slovaquie, Roumanie, Croatie, Serbie&#8221; image=&#8221;https:\/\/www.program345.com\/wp-content\/uploads\/2021\/06\/Alex_logo.jpg&#8221; image_max_width=&#8221;75%&#8221; _builder_version=&#8221;4.9.7&#8243; _module_preset=&#8221;default&#8221; header_text_color=&#8221;#E83966&#8243; global_colors_info=&#8221;{}&#8221;]<\/p>\n<h3>ALEX F\u00e9mb\u00fator Kft.<\/h3>\n<p>Magyar u. 21-23.<br \/>H-2072 Zs\u00e1mb\u00e9k,<\/p>\n<p><strong>Tel.<\/strong>\u00a0<a href=\"tel:+36%20(23) 341-356\">+36 (23) 341-356<\/a><br \/><strong>E-mail :<\/strong> <a href=\"mailto:info@alexbutor.hu\">info@alexbutor.hu<\/a><br \/><strong>Web :<\/strong> <a href=\"https:\/\/alexbutor.hu\/\" target=\"_blank\" rel=\"noopener\">alexbutor.hu<\/a><\/p>\n<p>[\/et_pb_blurb][\/et_pb_column][\/et_pb_row][\/et_pb_section][et_pb_section fb_built=&#8221;1&#8243; fullwidth=&#8221;on&#8221; admin_label=&#8221;section&#8221; _builder_version=&#8221;3.22&#8243; locked=&#8221;off&#8221;][et_pb_fullwidth_map address=&#8221;France&#8221; zoom_level=&#8221;3&#8243; address_lat=&#8221;46.227638&#8243; address_lng=&#8221;2.213749&#8243; _builder_version=&#8221;4.9.7&#8243; filter_hue_rotate=&#8221;198deg&#8221; child_filter_hue_rotate=&#8221;111deg&#8221; child_filter_saturate=&#8221;0%&#8221;][et_pb_map_pin title=&#8221;L&#8217;Int\u00e9grale d&#8217;Agencement&#8221; pin_address=&#8221;Rue Pr\u00e9 Gaut, 73420 Voglans, France&#8221; pin_address_lat=&#8221;45.618106&#8243; pin_address_lng=&#8221;5.89000139999996&#8243; _builder_version=&#8221;3.0.47&#8243;]<\/p>\n<p><strong>L&#8217;Int\u00e9grale d&#8217;Agencement<\/strong><\/p>\n<p>Rue Pr\u00e9 Gaut, 73420 Voglans, France<\/p>\n<p>[\/et_pb_map_pin][et_pb_map_pin title=&#8221;CROM 2, S.A.&#8221; pin_address=&#8221;Poligon Industrial de Collestret, carrer B, 2, 25180 Alcarr\u00e0s, L\u00e9rida, Espagne&#8221; pin_address_lat=&#8221;41.575384&#8243; pin_address_lng=&#8221;0.550646&#8243; _builder_version=&#8221;4.9.7&#8243; _module_preset=&#8221;default&#8221;]<\/p>\n<p>&nbsp;<\/p>\n<p>Ctra. N-II km 454<\/p>\n<p>Poligon Industrial Galileo C\/B<\/p>\n<p>25180 &#8211; ALCARR\u00c0S &#8211; SPAIN<\/p>\n<p>Tel. +34 973 795030<\/p>\n<p>ventas@crom2.com<\/p>\n<p>[\/et_pb_map_pin][et_pb_map_pin title=&#8221;Sono Brands AB&#8221; pin_address=&#8221;H\u00f6rngatan 5, 573 42 Tran\u00e5s, Su\u00e8de&#8221; pin_address_lat=&#8221;58.0442441&#8243; pin_address_lng=&#8221;14.9705194&#8243; _builder_version=&#8221;4.9.7&#8243; _module_preset=&#8221;default&#8221;]<\/p>\n<p><span>H\u00f6rngatan 5 | Box 196<br \/>S-573 22\u00a0Tran\u00e5s<\/span><\/p>\n<p><span>Phone: +46 140 77 14 00<\/span><\/p>\n<p><span>Email:\u00a0<a href=\"mailto:info@sonobrands.se\">info@sonobrands.se<\/a><\/span><\/p>\n<p>[\/et_pb_map_pin][et_pb_map_pin title=&#8221;ALEX F\u00e9mb\u00fator Kft.&#8221; pin_address=&#8221;Zs\u00e1mb\u00e9k, Magyar u. 21, 2072 Hongrie&#8221; pin_address_lat=&#8221;47.5473205&#8243; pin_address_lng=&#8221;18.7204124&#8243; _builder_version=&#8221;4.9.7&#8243; _module_preset=&#8221;default&#8221;]<\/p>\n<p>Magyar u. 21-23.<\/p>\n<p>H-2072 Zs\u00e1mb\u00e9k,<\/p>\n<p>Phone: +36 (23) 341-356<\/p>\n<p>E-mail: info@alexbutor.hu<\/p>\n<p>Web: alexbutor.hu<\/p>\n<p>[\/et_pb_map_pin][\/et_pb_fullwidth_map][\/et_pb_section][et_pb_section fb_built=&#8221;1&#8243; admin_label=&#8221;section&#8221; _builder_version=&#8221;3.22&#8243; locked=&#8221;off&#8221;][et_pb_row admin_label=&#8221;row&#8221; _builder_version=&#8221;3.25&#8243; background_size=&#8221;initial&#8221; background_position=&#8221;top_left&#8221; background_repeat=&#8221;repeat&#8221; custom_padding=&#8221;7px|||||&#8221;][et_pb_column type=&#8221;4_4&#8243; _builder_version=&#8221;3.25&#8243; custom_padding=&#8221;|||&#8221; custom_padding__hover=&#8221;|||&#8221;][et_pb_divider divider_weight=&#8221;5px&#8221; _builder_version=&#8221;4.9.7&#8243; _module_preset=&#8221;default&#8221; max_width=&#8221;26%&#8221; module_alignment=&#8221;center&#8221;][\/et_pb_divider][et_pb_text admin_label=&#8221;Text&#8221; _builder_version=&#8221;4.9.7&#8243; text_font_size=&#8221;18&#8243; background_size=&#8221;initial&#8221; background_position=&#8221;top_left&#8221; background_repeat=&#8221;repeat&#8221; hover_enabled=&#8221;0&#8243; sticky_enabled=&#8221;0&#8243;]<\/p>\n<p style=\"text-align: center;\">Are you a furniture <strong>manufacturer<\/strong>, <strong>distributor<\/strong> or <strong>reseller<\/strong>, are you a major player on the school and\/or commercial furniture market?<\/p>\n<p style=\"text-align: center;\"><a href=\"https:\/\/www.program345.com\/contact\/\">Contact us<\/a> so we can organise your market together.<\/p>\n<p>[\/et_pb_text][\/et_pb_column][\/et_pb_row][\/et_pb_section][et_pb_section fb_built=&#8221;1&#8243; inner_shadow=&#8221;on&#8221; admin_label=&#8221;section&#8221; _builder_version=&#8221;3.22&#8243; background_color=&#8221;#e83966&#8243;][et_pb_row admin_label=&#8221;row&#8221; _builder_version=&#8221;3.25&#8243; background_size=&#8221;initial&#8221; background_position=&#8221;top_left&#8221; background_repeat=&#8221;repeat&#8221;][et_pb_column type=&#8221;4_4&#8243; _builder_version=&#8221;3.25&#8243; custom_padding=&#8221;|||&#8221; custom_padding__hover=&#8221;|||&#8221;][et_pb_cta title=&#8221;Calling all distributors !&#8221; button_url=&#8221;https:\/\/www.program345.com\/contact\/&#8221; button_text=&#8221;Contact us&#8221; admin_label=&#8221;Call To Action&#8221; _builder_version=&#8221;4.6.1&#8243; use_background_color=&#8221;off&#8221; background_size=&#8221;initial&#8221; background_position=&#8221;top_left&#8221; background_repeat=&#8221;repeat&#8221; button_text_size__hover_enabled=&#8221;off&#8221; button_one_text_size__hover_enabled=&#8221;off&#8221; button_two_text_size__hover_enabled=&#8221;off&#8221; button_text_color__hover_enabled=&#8221;off&#8221; button_one_text_color__hover_enabled=&#8221;off&#8221; button_two_text_color__hover_enabled=&#8221;off&#8221; button_border_width__hover_enabled=&#8221;off&#8221; button_one_border_width__hover_enabled=&#8221;off&#8221; button_two_border_width__hover_enabled=&#8221;off&#8221; button_border_color__hover_enabled=&#8221;off&#8221; button_one_border_color__hover_enabled=&#8221;off&#8221; button_two_border_color__hover_enabled=&#8221;off&#8221; button_border_radius__hover_enabled=&#8221;off&#8221; button_one_border_radius__hover_enabled=&#8221;off&#8221; button_two_border_radius__hover_enabled=&#8221;off&#8221; button_letter_spacing__hover_enabled=&#8221;off&#8221; button_one_letter_spacing__hover_enabled=&#8221;off&#8221; button_two_letter_spacing__hover_enabled=&#8221;off&#8221; button_bg_color__hover_enabled=&#8221;off&#8221; button_one_bg_color__hover_enabled=&#8221;off&#8221; button_two_bg_color__hover_enabled=&#8221;off&#8221;]<\/p>\n<p>We are on the lookout for distributors and manufacturers for our 3.4.5. Program<sup>\u00a9<\/sup> in Europe<\/p>\n<p>[\/et_pb_cta][\/et_pb_column][\/et_pb_row][\/et_pb_section]<\/p>\n","protected":false},"excerpt":{"rendered":"<p>Today we manufacture our 3.4.5. school and commercial furniture in France, in state-of-the-art facilities and are keen to offer our concept abroad, especially in Europe.We also offer a partnership in the form of a manufacturing licence to demanding industrialists driven by a &#8220;Quality&#8221; culture.Our partners \/ resellersL\u2019Int\u00e9grale d\u2019Agencement Designer of tailor-made furniture, adaptable to your [&hellip;]<\/p>\n","protected":false},"author":1,"featured_media":0,"parent":0,"menu_order":0,"comment_status":"closed","ping_status":"closed","template":"","meta":{"_et_pb_use_builder":"on","_et_pb_old_content":"","_et_gb_content_width":"","footnotes":""},"class_list":["post-55","page","type-page","status-publish","hentry"],"yoast_head":"<!-- This site is optimized with the Yoast SEO plugin v26.5 - https:\/\/yoast.com\/wordpress\/plugins\/seo\/ -->\n<title>Calling all distributors, contact us!<\/title>\n<meta name=\"description\" content=\"We are on the lookout for distributors and manufacturers for our 3.4.5. Program in Europe\" \/>\n<meta name=\"robots\" content=\"index, follow, max-snippet:-1, max-image-preview:large, max-video-preview:-1\" \/>\n<link rel=\"canonical\" href=\"https:\/\/www.program345.com\/en\/where-to-find-our-products\/\" \/>\n<meta property=\"og:locale\" content=\"en_US\" \/>\n<meta property=\"og:type\" content=\"article\" \/>\n<meta property=\"og:title\" content=\"Calling all distributors, contact us!\" \/>\n<meta property=\"og:description\" content=\"We are on the lookout for distributors and manufacturers for our 3.4.5. Program in Europe\" \/>\n<meta property=\"og:url\" content=\"https:\/\/www.program345.com\/en\/where-to-find-our-products\/\" \/>\n<meta property=\"og:site_name\" content=\"Program 3.4.5\" \/>\n<meta property=\"article:publisher\" content=\"https:\/\/www.facebook.com\/Lint%c3%a9grale-dAgencement-455587537939465\/\" \/>\n<meta property=\"article:modified_time\" content=\"2021-07-05T15:20:09+00:00\" \/>\n<meta name=\"twitter:card\" content=\"summary_large_image\" \/>\n<meta name=\"twitter:label1\" content=\"Est. reading time\" \/>\n\t<meta name=\"twitter:data1\" content=\"8 minutes\" \/>\n<script type=\"application\/ld+json\" class=\"yoast-schema-graph\">{\"@context\":\"https:\/\/schema.org\",\"@graph\":[{\"@type\":\"WebPage\",\"@id\":\"https:\/\/www.program345.com\/en\/where-to-find-our-products\/\",\"url\":\"https:\/\/www.program345.com\/en\/where-to-find-our-products\/\",\"name\":\"Calling all distributors, contact us!\",\"isPartOf\":{\"@id\":\"https:\/\/www.program345.com\/#website\"},\"datePublished\":\"2017-04-21T08:13:37+00:00\",\"dateModified\":\"2021-07-05T15:20:09+00:00\",\"description\":\"We are on the lookout for distributors and manufacturers for our 3.4.5. Program in Europe\",\"breadcrumb\":{\"@id\":\"https:\/\/www.program345.com\/en\/where-to-find-our-products\/#breadcrumb\"},\"inLanguage\":\"en-US\",\"potentialAction\":[{\"@type\":\"ReadAction\",\"target\":[\"https:\/\/www.program345.com\/en\/where-to-find-our-products\/\"]}]},{\"@type\":\"BreadcrumbList\",\"@id\":\"https:\/\/www.program345.com\/en\/where-to-find-our-products\/#breadcrumb\",\"itemListElement\":[{\"@type\":\"ListItem\",\"position\":1,\"name\":\"Home\",\"item\":\"https:\/\/www.program345.com\/en\/\"},{\"@type\":\"ListItem\",\"position\":2,\"name\":\"Find\"}]},{\"@type\":\"WebSite\",\"@id\":\"https:\/\/www.program345.com\/#website\",\"url\":\"https:\/\/www.program345.com\/\",\"name\":\"Program 3.4.5\",\"description\":\"Professional furniture 3.4.5 modular and multiple configurations suitable for the school domain as professional\",\"potentialAction\":[{\"@type\":\"SearchAction\",\"target\":{\"@type\":\"EntryPoint\",\"urlTemplate\":\"https:\/\/www.program345.com\/?s={search_term_string}\"},\"query-input\":{\"@type\":\"PropertyValueSpecification\",\"valueRequired\":true,\"valueName\":\"search_term_string\"}}],\"inLanguage\":\"en-US\"}]}<\/script>\n<!-- \/ Yoast SEO plugin. -->","yoast_head_json":{"title":"Calling all distributors, contact us!","description":"We are on the lookout for distributors and manufacturers for our 3.4.5. Program in Europe","robots":{"index":"index","follow":"follow","max-snippet":"max-snippet:-1","max-image-preview":"max-image-preview:large","max-video-preview":"max-video-preview:-1"},"canonical":"https:\/\/www.program345.com\/en\/where-to-find-our-products\/","og_locale":"en_US","og_type":"article","og_title":"Calling all distributors, contact us!","og_description":"We are on the lookout for distributors and manufacturers for our 3.4.5. Program in Europe","og_url":"https:\/\/www.program345.com\/en\/where-to-find-our-products\/","og_site_name":"Program 3.4.5","article_publisher":"https:\/\/www.facebook.com\/Lint%c3%a9grale-dAgencement-455587537939465\/","article_modified_time":"2021-07-05T15:20:09+00:00","twitter_card":"summary_large_image","twitter_misc":{"Est. reading time":"8 minutes"},"schema":{"@context":"https:\/\/schema.org","@graph":[{"@type":"WebPage","@id":"https:\/\/www.program345.com\/en\/where-to-find-our-products\/","url":"https:\/\/www.program345.com\/en\/where-to-find-our-products\/","name":"Calling all distributors, contact us!","isPartOf":{"@id":"https:\/\/www.program345.com\/#website"},"datePublished":"2017-04-21T08:13:37+00:00","dateModified":"2021-07-05T15:20:09+00:00","description":"We are on the lookout for distributors and manufacturers for our 3.4.5. Program in Europe","breadcrumb":{"@id":"https:\/\/www.program345.com\/en\/where-to-find-our-products\/#breadcrumb"},"inLanguage":"en-US","potentialAction":[{"@type":"ReadAction","target":["https:\/\/www.program345.com\/en\/where-to-find-our-products\/"]}]},{"@type":"BreadcrumbList","@id":"https:\/\/www.program345.com\/en\/where-to-find-our-products\/#breadcrumb","itemListElement":[{"@type":"ListItem","position":1,"name":"Home","item":"https:\/\/www.program345.com\/en\/"},{"@type":"ListItem","position":2,"name":"Find"}]},{"@type":"WebSite","@id":"https:\/\/www.program345.com\/#website","url":"https:\/\/www.program345.com\/","name":"Program 3.4.5","description":"Professional furniture 3.4.5 modular and multiple configurations suitable for the school domain as professional","potentialAction":[{"@type":"SearchAction","target":{"@type":"EntryPoint","urlTemplate":"https:\/\/www.program345.com\/?s={search_term_string}"},"query-input":{"@type":"PropertyValueSpecification","valueRequired":true,"valueName":"search_term_string"}}],"inLanguage":"en-US"}]}},"_links":{"self":[{"href":"https:\/\/www.program345.com\/en\/wp-json\/wp\/v2\/pages\/55","targetHints":{"allow":["GET"]}}],"collection":[{"href":"https:\/\/www.program345.com\/en\/wp-json\/wp\/v2\/pages"}],"about":[{"href":"https:\/\/www.program345.com\/en\/wp-json\/wp\/v2\/types\/page"}],"author":[{"embeddable":true,"href":"https:\/\/www.program345.com\/en\/wp-json\/wp\/v2\/users\/1"}],"replies":[{"embeddable":true,"href":"https:\/\/www.program345.com\/en\/wp-json\/wp\/v2\/comments?post=55"}],"version-history":[{"count":17,"href":"https:\/\/www.program345.com\/en\/wp-json\/wp\/v2\/pages\/55\/revisions"}],"predecessor-version":[{"id":3550,"href":"https:\/\/www.program345.com\/en\/wp-json\/wp\/v2\/pages\/55\/revisions\/3550"}],"wp:attachment":[{"href":"https:\/\/www.program345.com\/en\/wp-json\/wp\/v2\/media?parent=55"}],"curies":[{"name":"wp","href":"https:\/\/api.w.org\/{rel}","templated":true}]}}